{"id":2539,"date":"2025-06-12T11:17:55","date_gmt":"2025-06-12T11:17:55","guid":{"rendered":"https:\/\/decotrends.tr\/?post_type=product&#038;p=2539"},"modified":"2025-06-12T11:17:55","modified_gmt":"2025-06-12T11:17:55","slug":"ceviz-dokulu-modern-organik-form-ayna-120x80x5-cm","status":"publish","type":"product","link":"https:\/\/decotrends.tr\/?product=ceviz-dokulu-modern-organik-form-ayna-120x80x5-cm","title":{"rendered":"Ceviz Dokulu Modern Organik Form Ayna \u2013 120x80x5 cm"},"content":{"rendered":"<p data-start=\"224\" data-end=\"475\"><em data-start=\"224\" data-end=\"233\">Vellora<\/em> dekoratif ayna, sade ama etkileyici tasar\u0131m\u0131yla modern i\u00e7 mekanlara s\u0131cakl\u0131k ve derinlik katmak i\u00e7in tasarland\u0131. Organik ve yumu\u015fak hatlara sahip geni\u015f \u00e7er\u00e7evesi, ceviz a\u011fac\u0131n\u0131 and\u0131ran do\u011fal dokuya sahip y\u00fczeyiyle zamans\u0131z bir estetik sunar.<\/p>\n<p data-start=\"477\" data-end=\"782\">120x80x5 cm \u00f6l\u00e7\u00fclerindeki b\u00fcy\u00fck y\u00fczeyiyle mek\u00e2n\u0131 optik olarak b\u00fcy\u00fct\u00fcrken, zarif k\u0131vr\u0131mlar\u0131 sayesinde duvarda heykelsi bir etki yarat\u0131r. Giri\u015f holleri, otel lobileri, salonlar ve showroom gibi geni\u015f alanlar i\u00e7in m\u00fckemmel bir tercih olan <em data-start=\"713\" data-end=\"722\">Vellora<\/em>, hem i\u015flevselli\u011fi hem de sanatsal dokunu\u015fuyla dikkat \u00e7eker.<\/p>\n<p data-start=\"784\" data-end=\"809\"><strong data-start=\"784\" data-end=\"809\">\u00d6ne \u00c7\u0131kan \u00d6zellikler:<\/strong><\/p>\n<ul data-start=\"810\" data-end=\"1042\">\n<li data-start=\"810\" data-end=\"832\">\n<p data-start=\"812\" data-end=\"832\">Boyut: 120x80x5 cm<\/p>\n<\/li>\n<li data-start=\"833\" data-end=\"868\">\n<p data-start=\"835\" data-end=\"868\">Organik hatlara sahip oval form<\/p>\n<\/li>\n<li data-start=\"869\" data-end=\"907\">\n<p data-start=\"871\" data-end=\"907\">Ceviz dokulu ah\u015fap efektli \u00e7er\u00e7eve<\/p>\n<\/li>\n<li data-start=\"908\" data-end=\"949\">\n<p data-start=\"910\" data-end=\"949\">Geni\u015f ayna y\u00fczeyiyle ferahlat\u0131c\u0131 etki<\/p>\n<\/li>\n<li data-start=\"950\" data-end=\"1005\">\n<p data-start=\"952\" data-end=\"1005\">L\u00fcks, modern ve do\u011fal stil dekorasyonlar i\u00e7in ideal<\/p>\n<\/li>\n<li data-start=\"1006\" data-end=\"1042\">\n<p data-start=\"1008\" data-end=\"1042\">Duvara monte edilmeye uygun yap\u0131<\/p>\n<\/li>\n<\/ul>\n","protected":false},"excerpt":{"rendered":"<p>Vellora dekoratif ayna, sade ama etkileyici tasar\u0131m\u0131yla modern i\u00e7 mekanlara s\u0131cakl\u0131k ve derinlik katmak i\u00e7in tasarland\u0131. Organik ve yumu\u015fak hatlara sahip geni\u015f \u00e7er\u00e7evesi, ceviz a\u011fac\u0131n\u0131 and\u0131ran do\u011fal dokuya sahip y\u00fczeyiyle zamans\u0131z bir estetik sunar. 120x80x5 cm \u00f6l\u00e7\u00fclerindeki b\u00fcy\u00fck y\u00fczeyiyle mek\u00e2n\u0131 optik olarak b\u00fcy\u00fct\u00fcrken, zarif k\u0131vr\u0131mlar\u0131 sayesinde duvarda heykelsi bir etki yarat\u0131r. Giri\u015f holleri, otel lobileri, [&hellip;]<\/p>\n","protected":false},"featured_media":2540,"comment_status":"open","ping_status":"closed","template":"","meta":[],"product_brand":[],"product_cat":[79],"product_tag":[],"class_list":{"0":"post-2539","1":"product","2":"type-product","3":"status-publish","4":"has-post-thumbnail","6":"product_cat-mirror","8":"first","9":"instock","10":"taxable","11":"shipping-taxable","12":"product-type-simple","13":"add-to-wishlist-after_add_to_cart"},"_links":{"self":[{"href":"https:\/\/decotrends.tr\/index.php?rest_route=\/wp\/v2\/product\/2539","targetHints":{"allow":["GET"]}}],"collection":[{"href":"https:\/\/decotrends.tr\/index.php?rest_route=\/wp\/v2\/product"}],"about":[{"href":"https:\/\/decotrends.tr\/index.php?rest_route=\/wp\/v2\/types\/product"}],"replies":[{"embeddable":true,"href":"https:\/\/decotrends.tr\/index.php?rest_route=%2Fwp%2Fv2%2Fcomments&post=2539"}],"wp:featuredmedia":[{"embeddable":true,"href":"https:\/\/decotrends.tr\/index.php?rest_route=\/wp\/v2\/media\/2540"}],"wp:attachment":[{"href":"https:\/\/decotrends.tr\/index.php?rest_route=%2Fwp%2Fv2%2Fmedia&parent=2539"}],"wp:term":[{"taxonomy":"product_brand","embeddable":true,"href":"https:\/\/decotrends.tr\/index.php?rest_route=%2Fwp%2Fv2%2Fproduct_brand&post=2539"},{"taxonomy":"product_cat","embeddable":true,"href":"https:\/\/decotrends.tr\/index.php?rest_route=%2Fwp%2Fv2%2Fproduct_cat&post=2539"},{"taxonomy":"product_tag","embeddable":true,"href":"https:\/\/decotrends.tr\/index.php?rest_route=%2Fwp%2Fv2%2Fproduct_tag&post=2539"}],"curies":[{"name":"wp","href":"https:\/\/api.w.org\/{rel}","templated":true}]}}