{"id":2549,"date":"2025-06-12T11:39:44","date_gmt":"2025-06-12T11:39:44","guid":{"rendered":"https:\/\/decotrends.tr\/?post_type=product&#038;p=2549"},"modified":"2025-06-12T11:39:44","modified_gmt":"2025-06-12T11:39:44","slug":"siyah-ahsap-dokulu-modern-organik-ayna-100x100x5-cm","status":"publish","type":"product","link":"https:\/\/decotrends.tr\/?product=siyah-ahsap-dokulu-modern-organik-ayna-100x100x5-cm","title":{"rendered":"Siyah Ah\u015fap Dokulu Modern Organik Ayna \u2013 100x100x5 cm"},"content":{"rendered":"<p data-start=\"233\" data-end=\"556\"><em data-start=\"233\" data-end=\"242\">Obscura<\/em> dekoratif ayna, koyu tonlar\u0131n asaletiyle \u00e7a\u011fda\u015f tasar\u0131m\u0131 birle\u015ftiren sofistike bir tasar\u0131m harikas\u0131d\u0131r. Organik damla formunu and\u0131ran \u00e7er\u00e7evesi, siyah ah\u015fap dokusuyla hem do\u011fall\u0131k hem de modernlik hissi verir. Minimal detaylarla zenginle\u015fen yap\u0131s\u0131 sayesinde hem sade hem iddial\u0131 dekorasyon stillerine uyum sa\u011flar.<\/p>\n<p data-start=\"558\" data-end=\"798\">100x100x5 cm \u00f6l\u00e7\u00fcs\u00fcyle geni\u015f y\u00fczeyli yap\u0131s\u0131, mek\u00e2na ferahl\u0131k katarken estetik bir vurgu unsuru olu\u015fturur. Otel lobilerinden ev salonlar\u0131na, giri\u015f hollerinden \u00f6zel tasar\u0131m ofis alanlar\u0131na kadar bir\u00e7ok ortamda etkileyici bir atmosfer yarat\u0131r.<\/p>\n<p data-start=\"800\" data-end=\"825\"><strong data-start=\"800\" data-end=\"825\">\u00d6ne \u00c7\u0131kan \u00d6zellikler:<\/strong><\/p>\n<ul data-start=\"826\" data-end=\"1039\">\n<li data-start=\"826\" data-end=\"849\">\n<p data-start=\"828\" data-end=\"849\">Boyut: 100x100x5 cm<\/p>\n<\/li>\n<li data-start=\"850\" data-end=\"892\">\n<p data-start=\"852\" data-end=\"892\">Mat siyah, ah\u015fap desenli y\u00fczey kaplama<\/p>\n<\/li>\n<li data-start=\"893\" data-end=\"926\">\n<p data-start=\"895\" data-end=\"926\">Organik, \u00f6zg\u00fcn ve modern form<\/p>\n<\/li>\n<li data-start=\"927\" data-end=\"979\">\n<p data-start=\"929\" data-end=\"979\">Ferahlat\u0131c\u0131 ve hacim kazand\u0131ran geni\u015f ayna alan\u0131<\/p>\n<\/li>\n<li data-start=\"980\" data-end=\"1039\">\n<p data-start=\"982\" data-end=\"1039\">L\u00fcks, mask\u00fclen veya \u00e7a\u011fda\u015f dekorasyonlara m\u00fckemmel uyum<\/p>\n<\/li>\n<\/ul>\n","protected":false},"excerpt":{"rendered":"<p>Obscura dekoratif ayna, koyu tonlar\u0131n asaletiyle \u00e7a\u011fda\u015f tasar\u0131m\u0131 birle\u015ftiren sofistike bir tasar\u0131m harikas\u0131d\u0131r. Organik damla formunu and\u0131ran \u00e7er\u00e7evesi, siyah ah\u015fap dokusuyla hem do\u011fall\u0131k hem de modernlik hissi verir. Minimal detaylarla zenginle\u015fen yap\u0131s\u0131 sayesinde hem sade hem iddial\u0131 dekorasyon stillerine uyum sa\u011flar. 100x100x5 cm \u00f6l\u00e7\u00fcs\u00fcyle geni\u015f y\u00fczeyli yap\u0131s\u0131, mek\u00e2na ferahl\u0131k katarken estetik bir vurgu unsuru olu\u015fturur. [&hellip;]<\/p>\n","protected":false},"featured_media":2550,"comment_status":"open","ping_status":"closed","template":"","meta":[],"product_brand":[],"product_cat":[79],"product_tag":[],"class_list":{"0":"post-2549","1":"product","2":"type-product","3":"status-publish","4":"has-post-thumbnail","6":"product_cat-mirror","8":"first","9":"instock","10":"taxable","11":"shipping-taxable","12":"product-type-simple","13":"add-to-wishlist-after_add_to_cart"},"_links":{"self":[{"href":"https:\/\/decotrends.tr\/index.php?rest_route=\/wp\/v2\/product\/2549","targetHints":{"allow":["GET"]}}],"collection":[{"href":"https:\/\/decotrends.tr\/index.php?rest_route=\/wp\/v2\/product"}],"about":[{"href":"https:\/\/decotrends.tr\/index.php?rest_route=\/wp\/v2\/types\/product"}],"replies":[{"embeddable":true,"href":"https:\/\/decotrends.tr\/index.php?rest_route=%2Fwp%2Fv2%2Fcomments&post=2549"}],"wp:featuredmedia":[{"embeddable":true,"href":"https:\/\/decotrends.tr\/index.php?rest_route=\/wp\/v2\/media\/2550"}],"wp:attachment":[{"href":"https:\/\/decotrends.tr\/index.php?rest_route=%2Fwp%2Fv2%2Fmedia&parent=2549"}],"wp:term":[{"taxonomy":"product_brand","embeddable":true,"href":"https:\/\/decotrends.tr\/index.php?rest_route=%2Fwp%2Fv2%2Fproduct_brand&post=2549"},{"taxonomy":"product_cat","embeddable":true,"href":"https:\/\/decotrends.tr\/index.php?rest_route=%2Fwp%2Fv2%2Fproduct_cat&post=2549"},{"taxonomy":"product_tag","embeddable":true,"href":"https:\/\/decotrends.tr\/index.php?rest_route=%2Fwp%2Fv2%2Fproduct_tag&post=2549"}],"curies":[{"name":"wp","href":"https:\/\/api.w.org\/{rel}","templated":true}]}}