{"id":2780,"date":"2025-06-14T12:24:02","date_gmt":"2025-06-14T12:24:02","guid":{"rendered":"https:\/\/decotrends.tr\/?post_type=product&#038;p=2780"},"modified":"2025-06-14T12:24:02","modified_gmt":"2025-06-14T12:24:02","slug":"paslanmaz-celik-modern-keman-heykeli-37x34x83-cm","status":"publish","type":"product","link":"https:\/\/decotrends.tr\/?product=paslanmaz-celik-modern-keman-heykeli-37x34x83-cm","title":{"rendered":"Paslanmaz \u00c7elik Modern Keman Heykeli (37x34x83 cm)"},"content":{"rendered":"<p data-start=\"166\" data-end=\"397\">Sanatsal zarafet ile modern end\u00fcstriyel dokunun e\u015fsiz bir birle\u015fimi: Bu etkileyici keman heykeli, ofislerden otellere, galerilerden ya\u015fam alanlar\u0131na kadar her mek\u00e2nda zarif ve sofistike bir atmosfer yaratmak \u00fczere tasarlanm\u0131\u015ft\u0131r.<\/p>\n<p data-start=\"399\" data-end=\"684\"><strong data-start=\"399\" data-end=\"421\">Paslanmaz \u00e7elikten<\/strong> \u00fcretilmi\u015f olan bu heykel, parlat\u0131lm\u0131\u015f alt\u0131n tonuyla \u0131\u015f\u0131\u011f\u0131 zarif\u00e7e yans\u0131tarak bulundu\u011fu ortamda dikkat \u00e7eken bir odak noktas\u0131 olu\u015fturur. \u0130ncelikle modellenmi\u015f keman formlar\u0131 \u00fcst \u00fcste yerle\u015ftirilmi\u015f \u015fekilde kurgulanm\u0131\u015f olup, soyut ve \u00e7a\u011fda\u015f bir sanat yorumu sunar.<\/p>\n<h4 data-start=\"686\" data-end=\"708\">\u00dcr\u00fcn \u00d6zellikleri:<\/h4>\n<ul data-start=\"709\" data-end=\"981\">\n<li data-start=\"709\" data-end=\"782\">\n<p data-start=\"711\" data-end=\"782\"><strong data-start=\"711\" data-end=\"724\">Boyutlar:<\/strong> 37 cm (Geni\u015flik) x 34 cm (Derinlik) x 83 cm (Y\u00fckseklik)<\/p>\n<\/li>\n<li data-start=\"783\" data-end=\"835\">\n<p data-start=\"785\" data-end=\"835\"><strong data-start=\"785\" data-end=\"797\">Malzeme:<\/strong> Y\u00fcksek kaliteli <strong data-start=\"814\" data-end=\"833\">paslanmaz \u00e7elik<\/strong><\/p>\n<\/li>\n<li data-start=\"836\" data-end=\"875\">\n<p data-start=\"838\" data-end=\"875\"><strong data-start=\"838\" data-end=\"848\">Y\u00fczey:<\/strong> Alt\u0131n ton parlak kaplama<\/p>\n<\/li>\n<li data-start=\"876\" data-end=\"931\">\n<p data-start=\"878\" data-end=\"931\"><strong data-start=\"878\" data-end=\"888\">Taban:<\/strong> Denge sa\u011flayan siyah dikd\u00f6rtgen platform<\/p>\n<\/li>\n<li data-start=\"932\" data-end=\"981\">\n<p data-start=\"934\" data-end=\"981\"><strong data-start=\"934\" data-end=\"946\">Tasar\u0131m:<\/strong> Modern ve soyut keman siluetleri<\/p>\n<\/li>\n<\/ul>\n","protected":false},"excerpt":{"rendered":"<p>Sanatsal zarafet ile modern end\u00fcstriyel dokunun e\u015fsiz bir birle\u015fimi: Bu etkileyici keman heykeli, ofislerden otellere, galerilerden ya\u015fam alanlar\u0131na kadar her mek\u00e2nda zarif ve sofistike bir atmosfer yaratmak \u00fczere tasarlanm\u0131\u015ft\u0131r. Paslanmaz \u00e7elikten \u00fcretilmi\u015f olan bu heykel, parlat\u0131lm\u0131\u015f alt\u0131n tonuyla \u0131\u015f\u0131\u011f\u0131 zarif\u00e7e yans\u0131tarak bulundu\u011fu ortamda dikkat \u00e7eken bir odak noktas\u0131 olu\u015fturur. \u0130ncelikle modellenmi\u015f keman formlar\u0131 \u00fcst \u00fcste [&hellip;]<\/p>\n","protected":false},"featured_media":2781,"comment_status":"open","ping_status":"closed","template":"","meta":[],"product_brand":[],"product_cat":[82],"product_tag":[],"class_list":{"0":"post-2780","1":"product","2":"type-product","3":"status-publish","4":"has-post-thumbnail","6":"product_cat-heykeller-ve-dekoratif-objeler","8":"first","9":"instock","10":"taxable","11":"shipping-taxable","12":"product-type-simple","13":"add-to-wishlist-after_add_to_cart"},"_links":{"self":[{"href":"https:\/\/decotrends.tr\/index.php?rest_route=\/wp\/v2\/product\/2780","targetHints":{"allow":["GET"]}}],"collection":[{"href":"https:\/\/decotrends.tr\/index.php?rest_route=\/wp\/v2\/product"}],"about":[{"href":"https:\/\/decotrends.tr\/index.php?rest_route=\/wp\/v2\/types\/product"}],"replies":[{"embeddable":true,"href":"https:\/\/decotrends.tr\/index.php?rest_route=%2Fwp%2Fv2%2Fcomments&post=2780"}],"wp:featuredmedia":[{"embeddable":true,"href":"https:\/\/decotrends.tr\/index.php?rest_route=\/wp\/v2\/media\/2781"}],"wp:attachment":[{"href":"https:\/\/decotrends.tr\/index.php?rest_route=%2Fwp%2Fv2%2Fmedia&parent=2780"}],"wp:term":[{"taxonomy":"product_brand","embeddable":true,"href":"https:\/\/decotrends.tr\/index.php?rest_route=%2Fwp%2Fv2%2Fproduct_brand&post=2780"},{"taxonomy":"product_cat","embeddable":true,"href":"https:\/\/decotrends.tr\/index.php?rest_route=%2Fwp%2Fv2%2Fproduct_cat&post=2780"},{"taxonomy":"product_tag","embeddable":true,"href":"https:\/\/decotrends.tr\/index.php?rest_route=%2Fwp%2Fv2%2Fproduct_tag&post=2780"}],"curies":[{"name":"wp","href":"https:\/\/api.w.org\/{rel}","templated":true}]}}