{"id":2817,"date":"2025-06-15T09:59:22","date_gmt":"2025-06-15T09:59:22","guid":{"rendered":"https:\/\/decotrends.tr\/?post_type=product&#038;p=2817"},"modified":"2025-06-15T09:59:22","modified_gmt":"2025-06-15T09:59:22","slug":"lale-formlu-modern-seramik-dekoratif-vazo-saksi-31x31x16-cm","status":"publish","type":"product","link":"https:\/\/decotrends.tr\/?product=lale-formlu-modern-seramik-dekoratif-vazo-saksi-31x31x16-cm","title":{"rendered":"Lale Formlu Modern Seramik Dekoratif Vazo \/ Saks\u0131 \u2013 31x31x16 cm"},"content":{"rendered":"<p data-start=\"230\" data-end=\"576\">Estetik ve i\u015flevselli\u011fi bir araya getiren bu lale formundaki dekoratif seramik vazo, i\u00e7 mekan dekorasyonuna zarif bir dokunu\u015f katmak i\u00e7in tasarland\u0131. Organik k\u0131vr\u0131mlar\u0131 ve \u00e7arp\u0131c\u0131 silueti ile ister salonunuzda, ister ofisinizde ya da otel lobilerinde etkileyici bir atmosfer yarat\u0131r. Vazo, saks\u0131 ya da sadece dekoratif obje olarak kullan\u0131labilir.<\/p>\n<h4 data-start=\"578\" data-end=\"600\">Renk Se\u00e7enekleri:<\/h4>\n<ul data-start=\"601\" data-end=\"950\">\n<li data-start=\"601\" data-end=\"653\">\n<p data-start=\"603\" data-end=\"653\"><strong data-start=\"603\" data-end=\"621\">White:<\/strong> Ferah ve modern bir hava i\u00e7in<\/p>\n<\/li>\n<li data-start=\"654\" data-end=\"714\">\n<p data-start=\"656\" data-end=\"714\"><strong data-start=\"656\" data-end=\"684\">Black Matte :<\/strong> Derin ve sofistike kontrast<\/p>\n<\/li>\n<li data-start=\"715\" data-end=\"787\">\n<p data-start=\"717\" data-end=\"787\"><strong data-start=\"717\" data-end=\"751\">D. Yellow:<\/strong> Canl\u0131 ve s\u0131cak dekorasyonlar i\u00e7in<\/p>\n<\/li>\n<li data-start=\"788\" data-end=\"855\">\n<p data-start=\"790\" data-end=\"855\"><strong data-start=\"790\" data-end=\"816\">Old Gold:<\/strong> L\u00fcks\u00fc ve asaleti yans\u0131tan klasik ton<\/p>\n<\/li>\n<li data-start=\"856\" data-end=\"950\">\n<p data-start=\"858\" data-end=\"950\"><strong data-start=\"858\" data-end=\"893\">Beige\/Gold :<\/strong> Do\u011fall\u0131k ve zarif \u0131\u015f\u0131lt\u0131y\u0131 birle\u015ftiren \u00f6zg\u00fcn bir g\u00f6r\u00fcn\u00fcm<\/p>\n<\/li>\n<\/ul>\n<h4 data-start=\"952\" data-end=\"974\">\u00dcr\u00fcn \u00d6zellikleri:<\/h4>\n<ul data-start=\"975\" data-end=\"1227\">\n<li data-start=\"975\" data-end=\"1022\">\n<p data-start=\"977\" data-end=\"1022\"><strong data-start=\"977\" data-end=\"987\">Boyut:<\/strong> 31 cm geni\u015flik x 16 cm y\u00fckseklik<\/p>\n<\/li>\n<li data-start=\"1023\" data-end=\"1064\">\n<p data-start=\"1025\" data-end=\"1064\"><strong data-start=\"1025\" data-end=\"1038\">Materyal:<\/strong> Y\u00fcksek kaliteli seramik<\/p>\n<\/li>\n<li data-start=\"1065\" data-end=\"1159\">\n<p data-start=\"1067\" data-end=\"1159\"><strong data-start=\"1067\" data-end=\"1089\">Kullan\u0131m Alanlar\u0131:<\/strong> Oturma odas\u0131, antre, masa \u00fcst\u00fc, otel veya ma\u011faza vitrin dekorasyonu<\/p>\n<\/li>\n<li data-start=\"1160\" data-end=\"1227\">\n<p data-start=\"1162\" data-end=\"1227\"><strong data-start=\"1162\" data-end=\"1180\">Kullan\u0131m T\u00fcr\u00fc:<\/strong> Saks\u0131, vazo veya obje olarak tercih edilebilir<\/p>\n<\/li>\n<\/ul>\n<p data-start=\"1229\" data-end=\"1373\">Modern \u00e7izgileri ve yumu\u015fak doku hissi ile \u00f6n plana \u00e7\u0131kan bu \u00fcr\u00fcn, ya\u015fam alanlar\u0131n\u0131za sanatsal bir karakter kazand\u0131rmak i\u00e7in ideal bir se\u00e7imdir.<\/p>\n","protected":false},"excerpt":{"rendered":"<p>Estetik ve i\u015flevselli\u011fi bir araya getiren bu lale formundaki dekoratif seramik vazo, i\u00e7 mekan dekorasyonuna zarif bir dokunu\u015f katmak i\u00e7in tasarland\u0131. Organik k\u0131vr\u0131mlar\u0131 ve \u00e7arp\u0131c\u0131 silueti ile ister salonunuzda, ister ofisinizde ya da otel lobilerinde etkileyici bir atmosfer yarat\u0131r. Vazo, saks\u0131 ya da sadece dekoratif obje olarak kullan\u0131labilir. Renk Se\u00e7enekleri: White: Ferah ve modern bir [&hellip;]<\/p>\n","protected":false},"featured_media":2818,"comment_status":"open","ping_status":"closed","template":"","meta":[],"product_brand":[],"product_cat":[78],"product_tag":[],"class_list":{"0":"post-2817","1":"product","2":"type-product","3":"status-publish","4":"has-post-thumbnail","6":"product_cat-deco-vase","8":"first","9":"instock","10":"taxable","11":"shipping-taxable","12":"product-type-simple","13":"add-to-wishlist-after_add_to_cart"},"_links":{"self":[{"href":"https:\/\/decotrends.tr\/index.php?rest_route=\/wp\/v2\/product\/2817","targetHints":{"allow":["GET"]}}],"collection":[{"href":"https:\/\/decotrends.tr\/index.php?rest_route=\/wp\/v2\/product"}],"about":[{"href":"https:\/\/decotrends.tr\/index.php?rest_route=\/wp\/v2\/types\/product"}],"replies":[{"embeddable":true,"href":"https:\/\/decotrends.tr\/index.php?rest_route=%2Fwp%2Fv2%2Fcomments&post=2817"}],"wp:featuredmedia":[{"embeddable":true,"href":"https:\/\/decotrends.tr\/index.php?rest_route=\/wp\/v2\/media\/2818"}],"wp:attachment":[{"href":"https:\/\/decotrends.tr\/index.php?rest_route=%2Fwp%2Fv2%2Fmedia&parent=2817"}],"wp:term":[{"taxonomy":"product_brand","embeddable":true,"href":"https:\/\/decotrends.tr\/index.php?rest_route=%2Fwp%2Fv2%2Fproduct_brand&post=2817"},{"taxonomy":"product_cat","embeddable":true,"href":"https:\/\/decotrends.tr\/index.php?rest_route=%2Fwp%2Fv2%2Fproduct_cat&post=2817"},{"taxonomy":"product_tag","embeddable":true,"href":"https:\/\/decotrends.tr\/index.php?rest_route=%2Fwp%2Fv2%2Fproduct_tag&post=2817"}],"curies":[{"name":"wp","href":"https:\/\/api.w.org\/{rel}","templated":true}]}}