{"id":2883,"date":"2025-06-15T10:54:46","date_gmt":"2025-06-15T10:54:46","guid":{"rendered":"https:\/\/decotrends.tr\/?post_type=product&#038;p=2883"},"modified":"2025-06-15T10:54:46","modified_gmt":"2025-06-15T10:54:46","slug":"modern-kabartma-desenli-seramik-vazo-19x19x29cm","status":"publish","type":"product","link":"https:\/\/decotrends.tr\/?product=modern-kabartma-desenli-seramik-vazo-19x19x29cm","title":{"rendered":"Modern Kabartma Desenli Seramik Vazo 19x19x29cm"},"content":{"rendered":"<p data-start=\"223\" data-end=\"502\">Dekorasyonunuzu \u00e7a\u011fda\u015f bir dokunu\u015fla tamamlayacak bu kabartma desenli seramik vazo, zarif formu ve detayl\u0131 y\u00fczey dokusuyla dikkat \u00e7ekiyor. El i\u015f\u00e7ili\u011fiyle \u00f6zenle \u015fekillendirilen d\u0131\u015f y\u00fczeyi, \u0131\u015f\u0131kla oynayan \u00fc\u00e7 boyutlu desenleri sayesinde bulundu\u011fu ortama sofistike bir hava kat\u0131yor.<\/p>\n<h4 data-start=\"504\" data-end=\"530\"><strong data-start=\"509\" data-end=\"530\">Renk Se\u00e7enekleri:<\/strong><\/h4>\n<ul data-start=\"531\" data-end=\"726\">\n<li data-start=\"531\" data-end=\"550\">\n<p data-start=\"533\" data-end=\"550\"><strong data-start=\"533\" data-end=\"550\">White<\/strong><\/p>\n<\/li>\n<li data-start=\"551\" data-end=\"580\">\n<p data-start=\"553\" data-end=\"580\"><strong data-start=\"553\" data-end=\"580\">Black Matte<\/strong><\/p>\n<\/li>\n<li data-start=\"581\" data-end=\"600\">\n<p data-start=\"583\" data-end=\"600\"><strong data-start=\"583\" data-end=\"600\">Green\u00a0<\/strong><\/p>\n<\/li>\n<li data-start=\"601\" data-end=\"637\">\n<p data-start=\"603\" data-end=\"637\"><strong data-start=\"603\" data-end=\"637\">D. Yellow<\/strong><\/p>\n<\/li>\n<li data-start=\"638\" data-end=\"681\">\n<p data-start=\"640\" data-end=\"681\"><strong data-start=\"640\" data-end=\"681\">Black\/Gold<\/strong><\/p>\n<\/li>\n<li data-start=\"682\" data-end=\"726\">\n<p data-start=\"684\" data-end=\"726\"><strong data-start=\"684\" data-end=\"726\">White\/Black\u00a0<\/strong><\/p>\n<\/li>\n<\/ul>\n<h4 data-start=\"728\" data-end=\"758\"><strong data-start=\"733\" data-end=\"758\">\u00d6ne \u00c7\u0131kan \u00d6zellikler:<\/strong><\/h4>\n<ul data-start=\"759\" data-end=\"1035\">\n<li data-start=\"759\" data-end=\"824\">\n<p data-start=\"761\" data-end=\"824\">G\u00f6z al\u0131c\u0131 kabartmal\u0131 y\u00fczeyi ile modern ve stil sahibi bir duru\u015f<\/p>\n<\/li>\n<li data-start=\"825\" data-end=\"895\">\n<p data-start=\"827\" data-end=\"895\">Farkl\u0131 renk alternatifleriyle her t\u00fcrl\u00fc i\u00e7 mek\u00e2n stiline uyum sa\u011flar<\/p>\n<\/li>\n<li data-start=\"896\" data-end=\"945\">\n<p data-start=\"898\" data-end=\"945\">Seramik malzeme sayesinde sa\u011flam ve uzun \u00f6m\u00fcrl\u00fc<\/p>\n<\/li>\n<li data-start=\"946\" data-end=\"1035\">\n<p data-start=\"948\" data-end=\"1035\">Giri\u015f hol\u00fc, yemek masas\u0131, konsol veya vitrin \u00fcst\u00fc gibi alanlarda kullan\u0131lmak i\u00e7in ideal<\/p>\n<\/li>\n<\/ul>\n","protected":false},"excerpt":{"rendered":"<p>Dekorasyonunuzu \u00e7a\u011fda\u015f bir dokunu\u015fla tamamlayacak bu kabartma desenli seramik vazo, zarif formu ve detayl\u0131 y\u00fczey dokusuyla dikkat \u00e7ekiyor. El i\u015f\u00e7ili\u011fiyle \u00f6zenle \u015fekillendirilen d\u0131\u015f y\u00fczeyi, \u0131\u015f\u0131kla oynayan \u00fc\u00e7 boyutlu desenleri sayesinde bulundu\u011fu ortama sofistike bir hava kat\u0131yor. Renk Se\u00e7enekleri: White Black Matte Green\u00a0 D. Yellow Black\/Gold White\/Black\u00a0 \u00d6ne \u00c7\u0131kan \u00d6zellikler: G\u00f6z al\u0131c\u0131 kabartmal\u0131 y\u00fczeyi ile modern [&hellip;]<\/p>\n","protected":false},"featured_media":2884,"comment_status":"open","ping_status":"closed","template":"","meta":[],"product_brand":[],"product_cat":[78],"product_tag":[],"class_list":{"0":"post-2883","1":"product","2":"type-product","3":"status-publish","4":"has-post-thumbnail","6":"product_cat-deco-vase","8":"first","9":"instock","10":"taxable","11":"shipping-taxable","12":"product-type-simple","13":"add-to-wishlist-after_add_to_cart"},"_links":{"self":[{"href":"https:\/\/decotrends.tr\/index.php?rest_route=\/wp\/v2\/product\/2883","targetHints":{"allow":["GET"]}}],"collection":[{"href":"https:\/\/decotrends.tr\/index.php?rest_route=\/wp\/v2\/product"}],"about":[{"href":"https:\/\/decotrends.tr\/index.php?rest_route=\/wp\/v2\/types\/product"}],"replies":[{"embeddable":true,"href":"https:\/\/decotrends.tr\/index.php?rest_route=%2Fwp%2Fv2%2Fcomments&post=2883"}],"wp:featuredmedia":[{"embeddable":true,"href":"https:\/\/decotrends.tr\/index.php?rest_route=\/wp\/v2\/media\/2884"}],"wp:attachment":[{"href":"https:\/\/decotrends.tr\/index.php?rest_route=%2Fwp%2Fv2%2Fmedia&parent=2883"}],"wp:term":[{"taxonomy":"product_brand","embeddable":true,"href":"https:\/\/decotrends.tr\/index.php?rest_route=%2Fwp%2Fv2%2Fproduct_brand&post=2883"},{"taxonomy":"product_cat","embeddable":true,"href":"https:\/\/decotrends.tr\/index.php?rest_route=%2Fwp%2Fv2%2Fproduct_cat&post=2883"},{"taxonomy":"product_tag","embeddable":true,"href":"https:\/\/decotrends.tr\/index.php?rest_route=%2Fwp%2Fv2%2Fproduct_tag&post=2883"}],"curies":[{"name":"wp","href":"https:\/\/api.w.org\/{rel}","templated":true}]}}