{"id":2897,"date":"2025-06-15T11:01:04","date_gmt":"2025-06-15T11:01:04","guid":{"rendered":"https:\/\/decotrends.tr\/?post_type=product&#038;p=2897"},"modified":"2025-06-15T11:01:05","modified_gmt":"2025-06-15T11:01:05","slug":"dalga-formlu-dekoratif-seramik-vazo-30cm-x-31cm-x-40cm","status":"publish","type":"product","link":"https:\/\/decotrends.tr\/?product=dalga-formlu-dekoratif-seramik-vazo-30cm-x-31cm-x-40cm","title":{"rendered":"Dalga Formlu Dekoratif Seramik Vazo 30cm x 31cm x 40cm"},"content":{"rendered":"<p data-start=\"249\" data-end=\"515\">Sanatsal bir yorumla \u015fekillendirilmi\u015f bu dalga formlu seramik vazo, modern dekorasyon anlay\u0131\u015f\u0131na \u00f6zg\u00fcn ve estetik bir katk\u0131 sunuyor. Organik k\u0131vr\u0131mlar\u0131 sayesinde her a\u00e7\u0131dan farkl\u0131 bir g\u00f6rsellik sunan bu par\u00e7a, bulundu\u011fu ortamda etkileyici bir odak noktas\u0131 olu\u015fturur.<\/p>\n<h4 data-start=\"517\" data-end=\"543\"><strong data-start=\"522\" data-end=\"543\">Renk Se\u00e7enekleri:<\/strong><\/h4>\n<ul data-start=\"544\" data-end=\"678\">\n<li data-start=\"544\" data-end=\"563\">\n<p data-start=\"546\" data-end=\"563\"><strong data-start=\"546\" data-end=\"563\">White<\/strong><\/p>\n<\/li>\n<li data-start=\"564\" data-end=\"593\">\n<p data-start=\"566\" data-end=\"593\"><strong data-start=\"566\" data-end=\"593\">Black Matte<\/strong><\/p>\n<\/li>\n<li data-start=\"594\" data-end=\"624\">\n<p data-start=\"596\" data-end=\"624\"><strong data-start=\"596\" data-end=\"624\">Old Gold\u00a0<\/strong><\/p>\n<\/li>\n<li data-start=\"625\" data-end=\"678\">\n<p data-start=\"627\" data-end=\"678\"><strong data-start=\"627\" data-end=\"678\">White\/Orange<\/strong><\/p>\n<\/li>\n<\/ul>\n<h4 data-start=\"680\" data-end=\"710\"><strong data-start=\"685\" data-end=\"710\">\u00d6ne \u00c7\u0131kan \u00d6zellikler:<\/strong><\/h4>\n<ul data-start=\"711\" data-end=\"969\">\n<li data-start=\"711\" data-end=\"775\">\n<p data-start=\"713\" data-end=\"775\">El i\u015f\u00e7ili\u011fi ile \u015fekillendirilmi\u015f dalga dokulu y\u00fczey tasar\u0131m\u0131<\/p>\n<\/li>\n<li data-start=\"776\" data-end=\"848\">\n<p data-start=\"778\" data-end=\"848\">Farkl\u0131 i\u00e7 dekorasyon stillerine uyum sa\u011flayan zarif renk opsiyonlar\u0131<\/p>\n<\/li>\n<li data-start=\"849\" data-end=\"914\">\n<p data-start=\"851\" data-end=\"914\">Seramik g\u00f6vdesi ile hem dayan\u0131kl\u0131 hem de zamans\u0131z bir tasar\u0131m<\/p>\n<\/li>\n<li data-start=\"915\" data-end=\"969\">\n<p data-start=\"917\" data-end=\"969\">Tek ba\u015f\u0131na veya \u00e7i\u00e7ekle birlikte kullan\u0131m i\u00e7in ideal<\/p>\n<\/li>\n<\/ul>\n","protected":false},"excerpt":{"rendered":"<p>Sanatsal bir yorumla \u015fekillendirilmi\u015f bu dalga formlu seramik vazo, modern dekorasyon anlay\u0131\u015f\u0131na \u00f6zg\u00fcn ve estetik bir katk\u0131 sunuyor. Organik k\u0131vr\u0131mlar\u0131 sayesinde her a\u00e7\u0131dan farkl\u0131 bir g\u00f6rsellik sunan bu par\u00e7a, bulundu\u011fu ortamda etkileyici bir odak noktas\u0131 olu\u015fturur. Renk Se\u00e7enekleri: White Black Matte Old Gold\u00a0 White\/Orange \u00d6ne \u00c7\u0131kan \u00d6zellikler: El i\u015f\u00e7ili\u011fi ile \u015fekillendirilmi\u015f dalga dokulu y\u00fczey tasar\u0131m\u0131 [&hellip;]<\/p>\n","protected":false},"featured_media":2898,"comment_status":"open","ping_status":"closed","template":"","meta":[],"product_brand":[],"product_cat":[78],"product_tag":[],"class_list":{"0":"post-2897","1":"product","2":"type-product","3":"status-publish","4":"has-post-thumbnail","6":"product_cat-deco-vase","8":"first","9":"instock","10":"taxable","11":"shipping-taxable","12":"product-type-simple","13":"add-to-wishlist-after_add_to_cart"},"_links":{"self":[{"href":"https:\/\/decotrends.tr\/index.php?rest_route=\/wp\/v2\/product\/2897","targetHints":{"allow":["GET"]}}],"collection":[{"href":"https:\/\/decotrends.tr\/index.php?rest_route=\/wp\/v2\/product"}],"about":[{"href":"https:\/\/decotrends.tr\/index.php?rest_route=\/wp\/v2\/types\/product"}],"replies":[{"embeddable":true,"href":"https:\/\/decotrends.tr\/index.php?rest_route=%2Fwp%2Fv2%2Fcomments&post=2897"}],"wp:featuredmedia":[{"embeddable":true,"href":"https:\/\/decotrends.tr\/index.php?rest_route=\/wp\/v2\/media\/2898"}],"wp:attachment":[{"href":"https:\/\/decotrends.tr\/index.php?rest_route=%2Fwp%2Fv2%2Fmedia&parent=2897"}],"wp:term":[{"taxonomy":"product_brand","embeddable":true,"href":"https:\/\/decotrends.tr\/index.php?rest_route=%2Fwp%2Fv2%2Fproduct_brand&post=2897"},{"taxonomy":"product_cat","embeddable":true,"href":"https:\/\/decotrends.tr\/index.php?rest_route=%2Fwp%2Fv2%2Fproduct_cat&post=2897"},{"taxonomy":"product_tag","embeddable":true,"href":"https:\/\/decotrends.tr\/index.php?rest_route=%2Fwp%2Fv2%2Fproduct_tag&post=2897"}],"curies":[{"name":"wp","href":"https:\/\/api.w.org\/{rel}","templated":true}]}}