{"id":2907,"date":"2025-06-15T11:19:04","date_gmt":"2025-06-15T11:19:04","guid":{"rendered":"https:\/\/decotrends.tr\/?post_type=product&#038;p=2907"},"modified":"2025-06-15T11:19:04","modified_gmt":"2025-06-15T11:19:04","slug":"modern-kabartma-desenli-seramik-vazo-15x15x27cm","status":"publish","type":"product","link":"https:\/\/decotrends.tr\/?product=modern-kabartma-desenli-seramik-vazo-15x15x27cm","title":{"rendered":"Modern Kabartma Desenli Seramik Vazo 15x15x27cm"},"content":{"rendered":"<p data-start=\"232\" data-end=\"482\">Kabartmal\u0131 y\u00fczey tasar\u0131m\u0131yla dikkat \u00e7eken bu modern seramik vazo, mekanlar\u0131n\u0131za sofistike bir doku ve renk katmak i\u00e7in ideal bir tercihtir. Silindirik formu ve \u00fc\u00e7 boyutlu geometrik y\u00fczeyiyle hem klasik hem de \u00e7a\u011fda\u015f dekorasyon stillerine uyum sa\u011flar.<\/p>\n<h4 data-start=\"484\" data-end=\"510\"><strong data-start=\"489\" data-end=\"510\">Renk Se\u00e7enekleri:<\/strong><\/h4>\n<ul data-start=\"511\" data-end=\"706\">\n<li data-start=\"511\" data-end=\"530\">\n<p data-start=\"513\" data-end=\"530\"><strong data-start=\"513\" data-end=\"530\">White<\/strong><\/p>\n<\/li>\n<li data-start=\"531\" data-end=\"560\">\n<p data-start=\"533\" data-end=\"560\"><strong data-start=\"533\" data-end=\"560\">Black Matte<\/strong><\/p>\n<\/li>\n<li data-start=\"561\" data-end=\"595\">\n<p data-start=\"563\" data-end=\"595\"><strong data-start=\"563\" data-end=\"595\">Royale Blue<\/strong><\/p>\n<\/li>\n<li data-start=\"596\" data-end=\"615\">\n<p data-start=\"598\" data-end=\"615\"><strong data-start=\"598\" data-end=\"615\">Red<\/strong><\/p>\n<\/li>\n<li data-start=\"616\" data-end=\"635\">\n<p data-start=\"618\" data-end=\"635\"><strong data-start=\"618\" data-end=\"635\">Green<\/strong><\/p>\n<\/li>\n<li data-start=\"636\" data-end=\"667\">\n<p data-start=\"638\" data-end=\"667\"><strong data-start=\"638\" data-end=\"667\">D. Yellow<\/strong><\/p>\n<\/li>\n<li data-start=\"668\" data-end=\"706\">\n<p data-start=\"670\" data-end=\"706\"><strong data-start=\"670\" data-end=\"706\">Black\/Gold\u00a0<\/strong><\/p>\n<\/li>\n<\/ul>\n<h4 data-start=\"708\" data-end=\"734\"><strong data-start=\"713\" data-end=\"734\">\u00dcr\u00fcn \u00d6zellikleri:<\/strong><\/h4>\n<ul data-start=\"735\" data-end=\"1011\">\n<li data-start=\"735\" data-end=\"768\">\n<p data-start=\"737\" data-end=\"768\">Y\u00fcksek kaliteli seramik g\u00f6vde<\/p>\n<\/li>\n<li data-start=\"769\" data-end=\"823\">\n<p data-start=\"771\" data-end=\"823\">El i\u015f\u00e7ili\u011fi ile modellenmi\u015f kabartma desenli y\u00fczey<\/p>\n<\/li>\n<li data-start=\"824\" data-end=\"872\">\n<p data-start=\"826\" data-end=\"872\">Canl\u0131 ve mat tonlarda geni\u015f renk alternatifi<\/p>\n<\/li>\n<li data-start=\"873\" data-end=\"929\">\n<p data-start=\"875\" data-end=\"929\">Vazolar olarak \u00e7i\u00e7ekli ya da \u00e7i\u00e7eksiz kullan\u0131labilir<\/p>\n<\/li>\n<li data-start=\"930\" data-end=\"1011\">\n<p data-start=\"932\" data-end=\"1011\">Salon, antre, ofis ve butik alanlarda dekoratif vurgu i\u00e7in m\u00fckemmel bir par\u00e7a<\/p>\n<\/li>\n<\/ul>\n","protected":false},"excerpt":{"rendered":"<p>Kabartmal\u0131 y\u00fczey tasar\u0131m\u0131yla dikkat \u00e7eken bu modern seramik vazo, mekanlar\u0131n\u0131za sofistike bir doku ve renk katmak i\u00e7in ideal bir tercihtir. Silindirik formu ve \u00fc\u00e7 boyutlu geometrik y\u00fczeyiyle hem klasik hem de \u00e7a\u011fda\u015f dekorasyon stillerine uyum sa\u011flar. Renk Se\u00e7enekleri: White Black Matte Royale Blue Red Green D. Yellow Black\/Gold\u00a0 \u00dcr\u00fcn \u00d6zellikleri: Y\u00fcksek kaliteli seramik g\u00f6vde El [&hellip;]<\/p>\n","protected":false},"featured_media":2908,"comment_status":"open","ping_status":"closed","template":"","meta":[],"product_brand":[],"product_cat":[78],"product_tag":[],"class_list":{"0":"post-2907","1":"product","2":"type-product","3":"status-publish","4":"has-post-thumbnail","6":"product_cat-deco-vase","8":"first","9":"instock","10":"taxable","11":"shipping-taxable","12":"product-type-simple","13":"add-to-wishlist-after_add_to_cart"},"_links":{"self":[{"href":"https:\/\/decotrends.tr\/index.php?rest_route=\/wp\/v2\/product\/2907","targetHints":{"allow":["GET"]}}],"collection":[{"href":"https:\/\/decotrends.tr\/index.php?rest_route=\/wp\/v2\/product"}],"about":[{"href":"https:\/\/decotrends.tr\/index.php?rest_route=\/wp\/v2\/types\/product"}],"replies":[{"embeddable":true,"href":"https:\/\/decotrends.tr\/index.php?rest_route=%2Fwp%2Fv2%2Fcomments&post=2907"}],"wp:featuredmedia":[{"embeddable":true,"href":"https:\/\/decotrends.tr\/index.php?rest_route=\/wp\/v2\/media\/2908"}],"wp:attachment":[{"href":"https:\/\/decotrends.tr\/index.php?rest_route=%2Fwp%2Fv2%2Fmedia&parent=2907"}],"wp:term":[{"taxonomy":"product_brand","embeddable":true,"href":"https:\/\/decotrends.tr\/index.php?rest_route=%2Fwp%2Fv2%2Fproduct_brand&post=2907"},{"taxonomy":"product_cat","embeddable":true,"href":"https:\/\/decotrends.tr\/index.php?rest_route=%2Fwp%2Fv2%2Fproduct_cat&post=2907"},{"taxonomy":"product_tag","embeddable":true,"href":"https:\/\/decotrends.tr\/index.php?rest_route=%2Fwp%2Fv2%2Fproduct_tag&post=2907"}],"curies":[{"name":"wp","href":"https:\/\/api.w.org\/{rel}","templated":true}]}}