{"id":2923,"date":"2025-06-15T11:28:35","date_gmt":"2025-06-15T11:28:35","guid":{"rendered":"https:\/\/decotrends.tr\/?post_type=product&#038;p=2923"},"modified":"2025-06-15T11:28:35","modified_gmt":"2025-06-15T11:28:35","slug":"modern-dokunus-zamansiz-tasarim-seramik-dekoratif-vazo-serisi-16x16x15-cm","status":"publish","type":"product","link":"https:\/\/decotrends.tr\/?product=modern-dokunus-zamansiz-tasarim-seramik-dekoratif-vazo-serisi-16x16x15-cm","title":{"rendered":"Modern Dokunu\u015f, Zamans\u0131z Tasar\u0131m Seramik Dekoratif Vazo Serisi 16x16x15 cm"},"content":{"rendered":"<p data-start=\"208\" data-end=\"523\">\u0130nce i\u015f\u00e7ilikle \u00fcretilen bu \u00f6zel seramik vazo serisi, modern tasar\u0131m\u0131 ve etkileyici y\u00fczey dokusuyla her ya\u015fam alan\u0131na sofistike bir dokunu\u015f kazand\u0131rmak \u00fczere tasarland\u0131. 16cm \u00e7ap\u0131nda ve 15cm y\u00fcksekli\u011findeki formu sayesinde masa \u00fcst\u00fc, raf, sehpa veya konsol gibi bir\u00e7ok noktada \u015f\u0131k bir aksesuar olarak kullan\u0131labilir.<\/p>\n<p data-start=\"525\" data-end=\"728\">Her biri 3D y\u00fczey dokusu ile \u00f6n plana \u00e7\u0131kan bu vazolar, dekorasyon stilinize g\u00fc\u00e7l\u00fc bir karakter katmakla kalmaz, ayn\u0131 zamanda tek ba\u015f\u0131na ya da grup halinde sergilendi\u011finde sanatsal bir ifade olu\u015fturur.<\/p>\n<p data-start=\"730\" data-end=\"753\"><strong data-start=\"730\" data-end=\"751\">Renk Se\u00e7enekleri:<\/strong><\/p>\n<ul data-start=\"754\" data-end=\"990\">\n<li data-start=\"754\" data-end=\"780\">\n<p data-start=\"756\" data-end=\"780\">White (Klasik zarafet)<\/p>\n<\/li>\n<li data-start=\"781\" data-end=\"818\">\n<p data-start=\"783\" data-end=\"818\">Royale Blue (Derin ve g\u00fc\u00e7l\u00fc etki)<\/p>\n<\/li>\n<li data-start=\"819\" data-end=\"854\">\n<p data-start=\"821\" data-end=\"854\">Red (Canl\u0131 ve enerjik atmosfer)<\/p>\n<\/li>\n<li data-start=\"855\" data-end=\"880\">\n<p data-start=\"857\" data-end=\"880\">Green (Do\u011fadan ilham)<\/p>\n<\/li>\n<li data-start=\"881\" data-end=\"917\">\n<p data-start=\"883\" data-end=\"917\">D. Yellow (S\u0131cak ve pozitif his)<\/p>\n<\/li>\n<li data-start=\"918\" data-end=\"956\">\n<p data-start=\"920\" data-end=\"956\">Black\/Gold (L\u00fcks ve iddial\u0131 duru\u015f)<\/p>\n<\/li>\n<li data-start=\"957\" data-end=\"990\">\n<p data-start=\"959\" data-end=\"990\">Black Matte (Minimalist \u015f\u0131kl\u0131k)<\/p>\n<\/li>\n<\/ul>\n<p data-start=\"992\" data-end=\"1218\">Bu koleksiyon, hem konut hem de ticari projeler i\u00e7in estetik bir tamamlay\u0131c\u0131 olarak \u00f6ne \u00e7\u0131kmaktad\u0131r. Y\u00fcksek kaliteli seramikten \u00fcretilen \u00fcr\u00fcnlerimiz, renk kal\u0131c\u0131l\u0131\u011f\u0131 ve uzun \u00f6m\u00fcrl\u00fc kullan\u0131m a\u00e7\u0131s\u0131ndan da \u00fcst\u00fcn performans sunar.<\/p>\n<p data-start=\"1220\" data-end=\"1342\"><strong data-start=\"1220\" data-end=\"1242\">Kullan\u0131m Alanlar\u0131:<\/strong> Oturma odas\u0131, antre, ofis, otel lobisi, vitrin d\u00fczenlemeleri, etkinlik dekorasyonu ve daha fazlas\u0131.<\/p>\n","protected":false},"excerpt":{"rendered":"<p>\u0130nce i\u015f\u00e7ilikle \u00fcretilen bu \u00f6zel seramik vazo serisi, modern tasar\u0131m\u0131 ve etkileyici y\u00fczey dokusuyla her ya\u015fam alan\u0131na sofistike bir dokunu\u015f kazand\u0131rmak \u00fczere tasarland\u0131. 16cm \u00e7ap\u0131nda ve 15cm y\u00fcksekli\u011findeki formu sayesinde masa \u00fcst\u00fc, raf, sehpa veya konsol gibi bir\u00e7ok noktada \u015f\u0131k bir aksesuar olarak kullan\u0131labilir. Her biri 3D y\u00fczey dokusu ile \u00f6n plana \u00e7\u0131kan bu vazolar, [&hellip;]<\/p>\n","protected":false},"featured_media":2924,"comment_status":"open","ping_status":"closed","template":"","meta":[],"product_brand":[],"product_cat":[78],"product_tag":[],"class_list":{"0":"post-2923","1":"product","2":"type-product","3":"status-publish","4":"has-post-thumbnail","6":"product_cat-deco-vase","8":"first","9":"instock","10":"taxable","11":"shipping-taxable","12":"product-type-simple","13":"add-to-wishlist-after_add_to_cart"},"_links":{"self":[{"href":"https:\/\/decotrends.tr\/index.php?rest_route=\/wp\/v2\/product\/2923","targetHints":{"allow":["GET"]}}],"collection":[{"href":"https:\/\/decotrends.tr\/index.php?rest_route=\/wp\/v2\/product"}],"about":[{"href":"https:\/\/decotrends.tr\/index.php?rest_route=\/wp\/v2\/types\/product"}],"replies":[{"embeddable":true,"href":"https:\/\/decotrends.tr\/index.php?rest_route=%2Fwp%2Fv2%2Fcomments&post=2923"}],"wp:featuredmedia":[{"embeddable":true,"href":"https:\/\/decotrends.tr\/index.php?rest_route=\/wp\/v2\/media\/2924"}],"wp:attachment":[{"href":"https:\/\/decotrends.tr\/index.php?rest_route=%2Fwp%2Fv2%2Fmedia&parent=2923"}],"wp:term":[{"taxonomy":"product_brand","embeddable":true,"href":"https:\/\/decotrends.tr\/index.php?rest_route=%2Fwp%2Fv2%2Fproduct_brand&post=2923"},{"taxonomy":"product_cat","embeddable":true,"href":"https:\/\/decotrends.tr\/index.php?rest_route=%2Fwp%2Fv2%2Fproduct_cat&post=2923"},{"taxonomy":"product_tag","embeddable":true,"href":"https:\/\/decotrends.tr\/index.php?rest_route=%2Fwp%2Fv2%2Fproduct_tag&post=2923"}],"curies":[{"name":"wp","href":"https:\/\/api.w.org\/{rel}","templated":true}]}}