{"id":2942,"date":"2025-06-15T11:44:33","date_gmt":"2025-06-15T11:44:33","guid":{"rendered":"https:\/\/decotrends.tr\/?post_type=product&#038;p=2942"},"modified":"2025-06-15T11:44:33","modified_gmt":"2025-06-15T11:44:33","slug":"organik-formlarda-modern-sanat-seramik-vazo-18x33x47-cm","status":"publish","type":"product","link":"https:\/\/decotrends.tr\/?product=organik-formlarda-modern-sanat-seramik-vazo-18x33x47-cm","title":{"rendered":"Organik Formlarda Modern Sanat Seramik Vazo \u2013 18x33x47 cm"},"content":{"rendered":"<p data-start=\"175\" data-end=\"455\">Do\u011fadan ilham alan modern bir tasar\u0131m\u0131 yans\u0131tan bu seramik vazo, e\u015fsiz y\u00fczey dokusu ve elle yerle\u015ftirilmi\u015f ye\u015fil \u00e7i\u00e7ek kabartmalar\u0131 ile estetik alg\u0131y\u0131 yeniden tan\u0131ml\u0131yor. Dalgasal hatlara sahip g\u00f6vdesi ve \u00fc\u00e7 boyutlu ye\u015fil detaylar\u0131, do\u011fal ya\u015fam\u0131n ritmini ya\u015fam alanlar\u0131n\u0131za ta\u015f\u0131r.<\/p>\n<p data-start=\"457\" data-end=\"726\">Y\u00fcksekli\u011fiyle dikkat \u00e7eken bu 47 cm\u2019lik vazo, \u00f6zellikle oturma odalar\u0131, lobiler veya fuaye alanlar\u0131 gibi b\u00fcy\u00fck hacimli mek\u00e2nlarda heykelsi bir duru\u015f sergiler. Sade renk zemin \u00fczerine i\u015flenen yaprak ve yosun dokulu detaylar sayesinde do\u011fal ve sofistike bir etki yarat\u0131r.<\/p>\n<p data-start=\"728\" data-end=\"752\"><strong data-start=\"728\" data-end=\"750\">Teknik \u00d6zellikler:<\/strong><\/p>\n<ul data-start=\"753\" data-end=\"965\">\n<li data-start=\"753\" data-end=\"782\">\n<p data-start=\"755\" data-end=\"782\">Boyutlar: 18 x 33 x 47 cm<\/p>\n<\/li>\n<li data-start=\"783\" data-end=\"819\">\n<p data-start=\"785\" data-end=\"819\">Malzeme: Y\u00fcksek kaliteli seramik<\/p>\n<\/li>\n<li data-start=\"820\" data-end=\"878\">\n<p data-start=\"822\" data-end=\"878\">Renk: Mat beyaz zemin \u00fczerinde ye\u015fil kabartma detaylar<\/p>\n<\/li>\n<li data-start=\"879\" data-end=\"965\">\n<p data-start=\"881\" data-end=\"965\">Kullan\u0131m: Tek ba\u015f\u0131na dekoratif obje ya da b\u00fcy\u00fck hacimli bitkiler i\u00e7in ideal bir vazo<\/p>\n<\/li>\n<\/ul>\n","protected":false},"excerpt":{"rendered":"<p>Do\u011fadan ilham alan modern bir tasar\u0131m\u0131 yans\u0131tan bu seramik vazo, e\u015fsiz y\u00fczey dokusu ve elle yerle\u015ftirilmi\u015f ye\u015fil \u00e7i\u00e7ek kabartmalar\u0131 ile estetik alg\u0131y\u0131 yeniden tan\u0131ml\u0131yor. Dalgasal hatlara sahip g\u00f6vdesi ve \u00fc\u00e7 boyutlu ye\u015fil detaylar\u0131, do\u011fal ya\u015fam\u0131n ritmini ya\u015fam alanlar\u0131n\u0131za ta\u015f\u0131r. Y\u00fcksekli\u011fiyle dikkat \u00e7eken bu 47 cm\u2019lik vazo, \u00f6zellikle oturma odalar\u0131, lobiler veya fuaye alanlar\u0131 gibi b\u00fcy\u00fck [&hellip;]<\/p>\n","protected":false},"featured_media":2943,"comment_status":"open","ping_status":"closed","template":"","meta":[],"product_brand":[],"product_cat":[78],"product_tag":[],"class_list":{"0":"post-2942","1":"product","2":"type-product","3":"status-publish","4":"has-post-thumbnail","6":"product_cat-deco-vase","8":"first","9":"instock","10":"taxable","11":"shipping-taxable","12":"product-type-simple","13":"add-to-wishlist-after_add_to_cart"},"_links":{"self":[{"href":"https:\/\/decotrends.tr\/index.php?rest_route=\/wp\/v2\/product\/2942","targetHints":{"allow":["GET"]}}],"collection":[{"href":"https:\/\/decotrends.tr\/index.php?rest_route=\/wp\/v2\/product"}],"about":[{"href":"https:\/\/decotrends.tr\/index.php?rest_route=\/wp\/v2\/types\/product"}],"replies":[{"embeddable":true,"href":"https:\/\/decotrends.tr\/index.php?rest_route=%2Fwp%2Fv2%2Fcomments&post=2942"}],"wp:featuredmedia":[{"embeddable":true,"href":"https:\/\/decotrends.tr\/index.php?rest_route=\/wp\/v2\/media\/2943"}],"wp:attachment":[{"href":"https:\/\/decotrends.tr\/index.php?rest_route=%2Fwp%2Fv2%2Fmedia&parent=2942"}],"wp:term":[{"taxonomy":"product_brand","embeddable":true,"href":"https:\/\/decotrends.tr\/index.php?rest_route=%2Fwp%2Fv2%2Fproduct_brand&post=2942"},{"taxonomy":"product_cat","embeddable":true,"href":"https:\/\/decotrends.tr\/index.php?rest_route=%2Fwp%2Fv2%2Fproduct_cat&post=2942"},{"taxonomy":"product_tag","embeddable":true,"href":"https:\/\/decotrends.tr\/index.php?rest_route=%2Fwp%2Fv2%2Fproduct_tag&post=2942"}],"curies":[{"name":"wp","href":"https:\/\/api.w.org\/{rel}","templated":true}]}}