{"id":2992,"date":"2025-06-15T19:33:35","date_gmt":"2025-06-15T19:33:35","guid":{"rendered":"https:\/\/decotrends.tr\/?post_type=product&#038;p=2992"},"modified":"2025-06-15T19:33:35","modified_gmt":"2025-06-15T19:33:35","slug":"metal-gorunumlu-modern-dekoratif-vazo-seti-2li","status":"publish","type":"product","link":"https:\/\/decotrends.tr\/?product=metal-gorunumlu-modern-dekoratif-vazo-seti-2li","title":{"rendered":"Metal G\u00f6r\u00fcn\u00fcml\u00fc Modern Dekoratif Vazo Seti (2&#8217;li)"},"content":{"rendered":"<ul data-start=\"206\" data-end=\"373\">\n<li data-start=\"206\" data-end=\"276\">\n<p data-start=\"208\" data-end=\"276\">B\u00fcy\u00fck Boy: 62 cm (Geni\u015flik) x 25 cm (Derinlik) x 55 cm (Y\u00fckseklik)<\/p>\n<\/li>\n<li data-start=\"277\" data-end=\"373\">\n<p data-start=\"279\" data-end=\"373\">K\u00fc\u00e7\u00fck Boy: 46 cm (Geni\u015flik) x 20 cm (Derinlik) x 41 cm (Y\u00fckseklik)<br data-start=\"345\" data-end=\"348\" \/><strong data-start=\"348\" data-end=\"361\">Materyal:<\/strong> Polyresin<\/p>\n<\/li>\n<\/ul>\n<p data-start=\"375\" data-end=\"745\">Zarif \u00e7izgileri ve deniz kabu\u011fundan ilham alan organik formuyla dikkat \u00e7eken bu 2\u2019li dekoratif vazo seti, ya\u015fam alanlar\u0131na modern bir heykelsi dokunu\u015f katmak isteyenler i\u00e7in tasarlanm\u0131\u015ft\u0131r. Metalik parlakl\u0131kla zenginle\u015ftirilmi\u015f y\u00fczey dokusu, \u0131\u015f\u0131kla birlikte dinamik bir yans\u0131ma olu\u015ftururken, g\u00fc\u00e7l\u00fc formu sayesinde hem klasik hem \u00e7a\u011fda\u015f dekorasyon stillerine uyum sa\u011flar.<\/p>\n<p data-start=\"747\" data-end=\"949\">Giri\u015f holleri, salonlar, otel lobileri veya ofis alanlar\u0131nda g\u00f6rsel bir odak noktas\u0131 yaratmak i\u00e7in idealdir. \u0130ster birlikte sergileyin ister tek ba\u015f\u0131na kullan\u0131n; her ortamda sofistike bir estetik sunar.<\/p>\n","protected":false},"excerpt":{"rendered":"<p>B\u00fcy\u00fck Boy: 62 cm (Geni\u015flik) x 25 cm (Derinlik) x 55 cm (Y\u00fckseklik) K\u00fc\u00e7\u00fck Boy: 46 cm (Geni\u015flik) x 20 cm (Derinlik) x 41 cm (Y\u00fckseklik)Materyal: Polyresin Zarif \u00e7izgileri ve deniz kabu\u011fundan ilham alan organik formuyla dikkat \u00e7eken bu 2\u2019li dekoratif vazo seti, ya\u015fam alanlar\u0131na modern bir heykelsi dokunu\u015f katmak isteyenler i\u00e7in tasarlanm\u0131\u015ft\u0131r. Metalik parlakl\u0131kla [&hellip;]<\/p>\n","protected":false},"featured_media":2993,"comment_status":"open","ping_status":"closed","template":"","meta":[],"product_brand":[],"product_cat":[78],"product_tag":[],"class_list":{"0":"post-2992","1":"product","2":"type-product","3":"status-publish","4":"has-post-thumbnail","6":"product_cat-deco-vase","8":"first","9":"instock","10":"taxable","11":"shipping-taxable","12":"product-type-simple","13":"add-to-wishlist-after_add_to_cart"},"_links":{"self":[{"href":"https:\/\/decotrends.tr\/index.php?rest_route=\/wp\/v2\/product\/2992","targetHints":{"allow":["GET"]}}],"collection":[{"href":"https:\/\/decotrends.tr\/index.php?rest_route=\/wp\/v2\/product"}],"about":[{"href":"https:\/\/decotrends.tr\/index.php?rest_route=\/wp\/v2\/types\/product"}],"replies":[{"embeddable":true,"href":"https:\/\/decotrends.tr\/index.php?rest_route=%2Fwp%2Fv2%2Fcomments&post=2992"}],"wp:featuredmedia":[{"embeddable":true,"href":"https:\/\/decotrends.tr\/index.php?rest_route=\/wp\/v2\/media\/2993"}],"wp:attachment":[{"href":"https:\/\/decotrends.tr\/index.php?rest_route=%2Fwp%2Fv2%2Fmedia&parent=2992"}],"wp:term":[{"taxonomy":"product_brand","embeddable":true,"href":"https:\/\/decotrends.tr\/index.php?rest_route=%2Fwp%2Fv2%2Fproduct_brand&post=2992"},{"taxonomy":"product_cat","embeddable":true,"href":"https:\/\/decotrends.tr\/index.php?rest_route=%2Fwp%2Fv2%2Fproduct_cat&post=2992"},{"taxonomy":"product_tag","embeddable":true,"href":"https:\/\/decotrends.tr\/index.php?rest_route=%2Fwp%2Fv2%2Fproduct_tag&post=2992"}],"curies":[{"name":"wp","href":"https:\/\/api.w.org\/{rel}","templated":true}]}}