{"id":3000,"date":"2025-06-15T19:37:39","date_gmt":"2025-06-15T19:37:39","guid":{"rendered":"https:\/\/decotrends.tr\/?post_type=product&#038;p=3000"},"modified":"2025-06-15T19:37:39","modified_gmt":"2025-06-15T19:37:39","slug":"modern-formda-dekoratif-vazo-seti-2li","status":"publish","type":"product","link":"https:\/\/decotrends.tr\/?product=modern-formda-dekoratif-vazo-seti-2li","title":{"rendered":"Modern Formda Dekoratif Vazo Seti \u2013 2\u2019li"},"content":{"rendered":"<p data-start=\"189\" data-end=\"203\"><strong data-start=\"189\" data-end=\"201\">\u00d6l\u00e7\u00fcler:<\/strong><\/p>\n<ul data-start=\"204\" data-end=\"373\">\n<li data-start=\"204\" data-end=\"275\">\n<p data-start=\"206\" data-end=\"275\">B\u00fcy\u00fck Boy: 29 cm (Geni\u015flik) x 18 cm (Derinlik) x 115 cm (Y\u00fckseklik)<\/p>\n<\/li>\n<li data-start=\"276\" data-end=\"373\">\n<p data-start=\"278\" data-end=\"373\">K\u00fc\u00e7\u00fck Boy: 36 cm (Geni\u015flik) x 18 cm (Derinlik) x 102 cm (Y\u00fckseklik)<br data-start=\"345\" data-end=\"348\" \/><strong data-start=\"348\" data-end=\"361\">Materyal:<\/strong> Polyresin<\/p>\n<\/li>\n<\/ul>\n<p data-start=\"375\" data-end=\"682\">Y\u00fcksek ve zarif siluetiyle dikkat \u00e7eken bu 2\u2019li dekoratif vazo seti, modern tasar\u0131m\u0131 do\u011fadan ilham alan y\u00fczey dokusuyla birle\u015ftirerek estetik ve sofistik bir duru\u015f sunar. \u0130nce hatlarla yukar\u0131 do\u011fru incelerek a\u00e7\u0131lan formu, bulundu\u011fu ortamda zarafeti vurgularken hacimli g\u00f6vdesiyle sa\u011flam bir varl\u0131k sergiler.<\/p>\n<p data-start=\"684\" data-end=\"965\">El i\u015f\u00e7ili\u011fi dokunu\u015flar\u0131yla zenginle\u015ftirilmi\u015f bu vazo seti; otel lobileri, rezidans giri\u015fleri, geni\u015f antreler ve modern ya\u015fam alanlar\u0131 i\u00e7in g\u00fc\u00e7l\u00fc bir dekoratif tamamlay\u0131c\u0131d\u0131r. Minimal detaylara sahip bu modern tasar\u0131m, tek ba\u015f\u0131na sergilendi\u011finde dahi sanatsal bir obje i\u015flevi g\u00f6r\u00fcr.<\/p>\n","protected":false},"excerpt":{"rendered":"<p>\u00d6l\u00e7\u00fcler: B\u00fcy\u00fck Boy: 29 cm (Geni\u015flik) x 18 cm (Derinlik) x 115 cm (Y\u00fckseklik) K\u00fc\u00e7\u00fck Boy: 36 cm (Geni\u015flik) x 18 cm (Derinlik) x 102 cm (Y\u00fckseklik)Materyal: Polyresin Y\u00fcksek ve zarif siluetiyle dikkat \u00e7eken bu 2\u2019li dekoratif vazo seti, modern tasar\u0131m\u0131 do\u011fadan ilham alan y\u00fczey dokusuyla birle\u015ftirerek estetik ve sofistik bir duru\u015f sunar. \u0130nce hatlarla [&hellip;]<\/p>\n","protected":false},"featured_media":3001,"comment_status":"open","ping_status":"closed","template":"","meta":[],"product_brand":[],"product_cat":[78],"product_tag":[],"class_list":{"0":"post-3000","1":"product","2":"type-product","3":"status-publish","4":"has-post-thumbnail","6":"product_cat-deco-vase","8":"first","9":"instock","10":"taxable","11":"shipping-taxable","12":"product-type-simple","13":"add-to-wishlist-after_add_to_cart"},"_links":{"self":[{"href":"https:\/\/decotrends.tr\/index.php?rest_route=\/wp\/v2\/product\/3000","targetHints":{"allow":["GET"]}}],"collection":[{"href":"https:\/\/decotrends.tr\/index.php?rest_route=\/wp\/v2\/product"}],"about":[{"href":"https:\/\/decotrends.tr\/index.php?rest_route=\/wp\/v2\/types\/product"}],"replies":[{"embeddable":true,"href":"https:\/\/decotrends.tr\/index.php?rest_route=%2Fwp%2Fv2%2Fcomments&post=3000"}],"wp:featuredmedia":[{"embeddable":true,"href":"https:\/\/decotrends.tr\/index.php?rest_route=\/wp\/v2\/media\/3001"}],"wp:attachment":[{"href":"https:\/\/decotrends.tr\/index.php?rest_route=%2Fwp%2Fv2%2Fmedia&parent=3000"}],"wp:term":[{"taxonomy":"product_brand","embeddable":true,"href":"https:\/\/decotrends.tr\/index.php?rest_route=%2Fwp%2Fv2%2Fproduct_brand&post=3000"},{"taxonomy":"product_cat","embeddable":true,"href":"https:\/\/decotrends.tr\/index.php?rest_route=%2Fwp%2Fv2%2Fproduct_cat&post=3000"},{"taxonomy":"product_tag","embeddable":true,"href":"https:\/\/decotrends.tr\/index.php?rest_route=%2Fwp%2Fv2%2Fproduct_tag&post=3000"}],"curies":[{"name":"wp","href":"https:\/\/api.w.org\/{rel}","templated":true}]}}