{"id":3006,"date":"2025-06-15T19:45:13","date_gmt":"2025-06-15T19:45:13","guid":{"rendered":"https:\/\/decotrends.tr\/?post_type=product&#038;p=3006"},"modified":"2025-06-15T19:45:13","modified_gmt":"2025-06-15T19:45:13","slug":"isigin-dokusu-modern-dekoratif-form-obje-seti-2li","status":"publish","type":"product","link":"https:\/\/decotrends.tr\/?product=isigin-dokusu-modern-dekoratif-form-obje-seti-2li","title":{"rendered":"I\u015f\u0131\u011f\u0131n Dokusu \u2013 Modern Dekoratif Form Obje Seti (2&#8217;li)"},"content":{"rendered":"<p data-start=\"221\" data-end=\"235\"><strong data-start=\"221\" data-end=\"233\">\u00d6l\u00e7\u00fcler:<\/strong><\/p>\n<ul data-start=\"236\" data-end=\"333\">\n<li data-start=\"236\" data-end=\"272\">\n<p data-start=\"238\" data-end=\"272\">B\u00fcy\u00fck Boy: 81 cm x 21 cm x 28 cm<\/p>\n<\/li>\n<li data-start=\"273\" data-end=\"333\">\n<p data-start=\"275\" data-end=\"333\">K\u00fc\u00e7\u00fck Boy: 38 cm x 8 cm x 16 cm<br data-start=\"306\" data-end=\"309\" \/><strong data-start=\"309\" data-end=\"321\">Malzeme:<\/strong> Polyresin<\/p>\n<\/li>\n<\/ul>\n<p data-start=\"335\" data-end=\"690\">I\u015f\u0131k \u00e7izgilerinin merkezden d\u0131\u015fa do\u011fru yay\u0131ld\u0131\u011f\u0131 dinamik y\u00fczey tasar\u0131m\u0131yla \u00f6ne \u00e7\u0131kan bu modern obje seti, estetik ile mimari zarafeti bir araya getiriyor. Zarif k\u0131vr\u0131mlara sahip yatay formu, hem sanatsal hem de zamans\u0131z bir dekoratif ifade yarat\u0131r. Her iki par\u00e7a, hem birlikte hem de ba\u011f\u0131ms\u0131z olarak sergilendi\u011finde i\u00e7 mek\u00e2nlara sofistike bir ritim katar.<\/p>\n<p data-start=\"692\" data-end=\"1012\">El i\u015f\u00e7ili\u011fiyle i\u015flenmi\u015f \u00e7izgisel dokular, \u0131\u015f\u0131\u011f\u0131n y\u00f6n\u00fcne g\u00f6re de\u011fi\u015fen etkileyici yans\u0131malar olu\u015fturur. Siyah-beyaz kontrast\u0131n g\u00fcc\u00fcyle tasarlanan bu formlar, otel lobileri, ofis giri\u015fleri, \u00fcst segment konut salonlar\u0131 veya sanat galerisi k\u00f6\u015feleri gibi se\u00e7kin alanlarda g\u00f6rsel odak noktas\u0131 olarak konumlanmak \u00fczere idealdir.<\/p>\n<p data-start=\"1014\" data-end=\"1204\"><strong data-start=\"1014\" data-end=\"1033\">Tasar\u0131m\u0131n dili:<\/strong><br \/>\nBu obje seti, do\u011fadaki \u0131\u015f\u0131k patlamas\u0131ndan ve enerji yay\u0131l\u0131m\u0131ndan ilham al\u0131narak tasarlanm\u0131\u015f; hareketi, dengeyi ve modern \u00e7izgileri yal\u0131n bir kompozisyonda bulu\u015fturmu\u015ftur.<\/p>\n","protected":false},"excerpt":{"rendered":"<p>\u00d6l\u00e7\u00fcler: B\u00fcy\u00fck Boy: 81 cm x 21 cm x 28 cm K\u00fc\u00e7\u00fck Boy: 38 cm x 8 cm x 16 cmMalzeme: Polyresin I\u015f\u0131k \u00e7izgilerinin merkezden d\u0131\u015fa do\u011fru yay\u0131ld\u0131\u011f\u0131 dinamik y\u00fczey tasar\u0131m\u0131yla \u00f6ne \u00e7\u0131kan bu modern obje seti, estetik ile mimari zarafeti bir araya getiriyor. Zarif k\u0131vr\u0131mlara sahip yatay formu, hem sanatsal hem de zamans\u0131z bir [&hellip;]<\/p>\n","protected":false},"featured_media":3007,"comment_status":"open","ping_status":"closed","template":"","meta":[],"product_brand":[],"product_cat":[78],"product_tag":[],"class_list":{"0":"post-3006","1":"product","2":"type-product","3":"status-publish","4":"has-post-thumbnail","6":"product_cat-deco-vase","8":"first","9":"instock","10":"taxable","11":"shipping-taxable","12":"product-type-simple","13":"add-to-wishlist-after_add_to_cart"},"_links":{"self":[{"href":"https:\/\/decotrends.tr\/index.php?rest_route=\/wp\/v2\/product\/3006","targetHints":{"allow":["GET"]}}],"collection":[{"href":"https:\/\/decotrends.tr\/index.php?rest_route=\/wp\/v2\/product"}],"about":[{"href":"https:\/\/decotrends.tr\/index.php?rest_route=\/wp\/v2\/types\/product"}],"replies":[{"embeddable":true,"href":"https:\/\/decotrends.tr\/index.php?rest_route=%2Fwp%2Fv2%2Fcomments&post=3006"}],"wp:featuredmedia":[{"embeddable":true,"href":"https:\/\/decotrends.tr\/index.php?rest_route=\/wp\/v2\/media\/3007"}],"wp:attachment":[{"href":"https:\/\/decotrends.tr\/index.php?rest_route=%2Fwp%2Fv2%2Fmedia&parent=3006"}],"wp:term":[{"taxonomy":"product_brand","embeddable":true,"href":"https:\/\/decotrends.tr\/index.php?rest_route=%2Fwp%2Fv2%2Fproduct_brand&post=3006"},{"taxonomy":"product_cat","embeddable":true,"href":"https:\/\/decotrends.tr\/index.php?rest_route=%2Fwp%2Fv2%2Fproduct_cat&post=3006"},{"taxonomy":"product_tag","embeddable":true,"href":"https:\/\/decotrends.tr\/index.php?rest_route=%2Fwp%2Fv2%2Fproduct_tag&post=3006"}],"curies":[{"name":"wp","href":"https:\/\/api.w.org\/{rel}","templated":true}]}}