{"id":3011,"date":"2025-06-15T19:51:51","date_gmt":"2025-06-15T19:51:51","guid":{"rendered":"https:\/\/decotrends.tr\/?post_type=product&#038;p=3011"},"modified":"2025-06-15T19:51:51","modified_gmt":"2025-06-15T19:51:51","slug":"vertica-modern-dokulu-siluet-vazo-seti-2li","status":"publish","type":"product","link":"https:\/\/decotrends.tr\/?product=vertica-modern-dokulu-siluet-vazo-seti-2li","title":{"rendered":"Vertica \u2013 Modern Dokulu Siluet Vazo Seti (2&#8217;li)"},"content":{"rendered":"<p data-start=\"198\" data-end=\"212\"><strong data-start=\"198\" data-end=\"210\">\u00d6l\u00e7\u00fcler:<\/strong><\/p>\n<ul data-start=\"213\" data-end=\"311\">\n<li data-start=\"213\" data-end=\"249\">\n<p data-start=\"215\" data-end=\"249\">B\u00fcy\u00fck Boy: 23 cm x 23 cm x 85 cm<\/p>\n<\/li>\n<li data-start=\"250\" data-end=\"311\">\n<p data-start=\"252\" data-end=\"311\">K\u00fc\u00e7\u00fck Boy: 17 cm x 17 cm x 65 cm<br data-start=\"284\" data-end=\"287\" \/><strong data-start=\"287\" data-end=\"299\">Malzeme:<\/strong> Polyresin<\/p>\n<\/li>\n<\/ul>\n<p data-start=\"313\" data-end=\"744\">Sade bir zarafetin ve g\u00fc\u00e7l\u00fc bir duru\u015fun birle\u015fimi olan <strong data-start=\"368\" data-end=\"389\">Vertica Vazo Seti<\/strong>, y\u00fckselen formlar\u0131 ve kabartmal\u0131 y\u00fczey dokusuyla \u00e7a\u011fda\u015f i\u00e7 mek\u00e2n tasar\u0131mlar\u0131na sanatsal bir ifade kazand\u0131r\u0131r. \u0130nce uzun silueti, daralan a\u011f\u0131z yap\u0131s\u0131 ve dengeli hacim oran\u0131 ile bu objeler; otel lobilerinden l\u00fcks konut salonlar\u0131na, galeri giri\u015flerinden ofis bekleme alanlar\u0131na kadar geni\u015f bir yelpazede sofistike bir atmosfer yaratmak \u00fczere tasarlanm\u0131\u015ft\u0131r.<\/p>\n<p data-start=\"746\" data-end=\"959\">Y\u00fczeyindeki ritmik desen dokusu, \u0131\u015f\u0131kla birlikte derinlik alg\u0131s\u0131 yaratarak g\u00f6rsel dinamizm sa\u011flar. Dingin renk paletiyle uyumlu, stil sahibi mekanlarda tek ba\u015f\u0131na veya tamamlay\u0131c\u0131 par\u00e7a olarak konumland\u0131r\u0131labilir.<\/p>\n<p data-start=\"961\" data-end=\"1110\"><strong data-start=\"961\" data-end=\"981\">Tasar\u0131m Kimli\u011fi:<\/strong><br data-start=\"981\" data-end=\"984\" \/>Do\u011fal ta\u015f y\u00fczeylerinden ve dikey form disiplininden ilham al\u0131narak tasarlanm\u0131\u015ft\u0131r. Modern sadeli\u011fin \u00e7arp\u0131c\u0131 yorumunu yans\u0131t\u0131r.<\/p>\n","protected":false},"excerpt":{"rendered":"<p>\u00d6l\u00e7\u00fcler: B\u00fcy\u00fck Boy: 23 cm x 23 cm x 85 cm K\u00fc\u00e7\u00fck Boy: 17 cm x 17 cm x 65 cmMalzeme: Polyresin Sade bir zarafetin ve g\u00fc\u00e7l\u00fc bir duru\u015fun birle\u015fimi olan Vertica Vazo Seti, y\u00fckselen formlar\u0131 ve kabartmal\u0131 y\u00fczey dokusuyla \u00e7a\u011fda\u015f i\u00e7 mek\u00e2n tasar\u0131mlar\u0131na sanatsal bir ifade kazand\u0131r\u0131r. \u0130nce uzun silueti, daralan a\u011f\u0131z yap\u0131s\u0131 ve [&hellip;]<\/p>\n","protected":false},"featured_media":3013,"comment_status":"open","ping_status":"closed","template":"","meta":[],"product_brand":[],"product_cat":[78],"product_tag":[],"class_list":{"0":"post-3011","1":"product","2":"type-product","3":"status-publish","4":"has-post-thumbnail","6":"product_cat-deco-vase","8":"first","9":"instock","10":"taxable","11":"shipping-taxable","12":"product-type-simple","13":"add-to-wishlist-after_add_to_cart"},"_links":{"self":[{"href":"https:\/\/decotrends.tr\/index.php?rest_route=\/wp\/v2\/product\/3011","targetHints":{"allow":["GET"]}}],"collection":[{"href":"https:\/\/decotrends.tr\/index.php?rest_route=\/wp\/v2\/product"}],"about":[{"href":"https:\/\/decotrends.tr\/index.php?rest_route=\/wp\/v2\/types\/product"}],"replies":[{"embeddable":true,"href":"https:\/\/decotrends.tr\/index.php?rest_route=%2Fwp%2Fv2%2Fcomments&post=3011"}],"wp:featuredmedia":[{"embeddable":true,"href":"https:\/\/decotrends.tr\/index.php?rest_route=\/wp\/v2\/media\/3013"}],"wp:attachment":[{"href":"https:\/\/decotrends.tr\/index.php?rest_route=%2Fwp%2Fv2%2Fmedia&parent=3011"}],"wp:term":[{"taxonomy":"product_brand","embeddable":true,"href":"https:\/\/decotrends.tr\/index.php?rest_route=%2Fwp%2Fv2%2Fproduct_brand&post=3011"},{"taxonomy":"product_cat","embeddable":true,"href":"https:\/\/decotrends.tr\/index.php?rest_route=%2Fwp%2Fv2%2Fproduct_cat&post=3011"},{"taxonomy":"product_tag","embeddable":true,"href":"https:\/\/decotrends.tr\/index.php?rest_route=%2Fwp%2Fv2%2Fproduct_tag&post=3011"}],"curies":[{"name":"wp","href":"https:\/\/api.w.org\/{rel}","templated":true}]}}