{"id":3018,"date":"2025-06-15T20:03:59","date_gmt":"2025-06-15T20:03:59","guid":{"rendered":"https:\/\/decotrends.tr\/?post_type=product&#038;p=3018"},"modified":"2025-06-15T20:03:59","modified_gmt":"2025-06-15T20:03:59","slug":"modern-siluetin-zarafetiyle-sekillenen-dekoratif-vazo-seti","status":"publish","type":"product","link":"https:\/\/decotrends.tr\/?product=modern-siluetin-zarafetiyle-sekillenen-dekoratif-vazo-seti","title":{"rendered":"Modern Siluetin Zarafetiyle \u015eekillenen Dekoratif Vazo Seti"},"content":{"rendered":"<p data-start=\"138\" data-end=\"390\">Estetik ve sadeli\u011fin kusursuz uyumunu yans\u0131tan bu dekoratif vazo seti, i\u00e7 mek\u00e2nlar\u0131n\u0131za sanatsal bir dokunu\u015f katmak i\u00e7in tasarland\u0131. 16x16x69 cm ve 14x14x44 cm \u00f6l\u00e7\u00fclerindeki bu iki farkl\u0131 boyutta vazo, sofistike formu ve sade renk paletiyle \u00f6ne \u00e7\u0131kar.<\/p>\n<p data-start=\"392\" data-end=\"674\">Zarif kabartma desenleriyle bezeli y\u00fczeyi, do\u011fal seramik g\u00f6r\u00fcn\u00fcm\u00fcyle birle\u015ferek rustik bir \u015f\u0131kl\u0131k sunar. Minimalist ya\u015fam alanlar\u0131nda s\u0131cak bir ambiyans yaratmak isteyenler i\u00e7in ideal olan bu \u00fcr\u00fcnler, ister birlikte ister ayr\u0131 ayr\u0131 kullan\u0131larak mek\u00e2nlara g\u00f6rsel derinlik kazand\u0131r\u0131r.<\/p>\n<p data-start=\"676\" data-end=\"792\">Oturma odas\u0131, antre veya yemek alanlar\u0131nda estetik bir odak noktas\u0131 yaratmak isteyenler i\u00e7in m\u00fckemmel bir tercihtir.<\/p>\n","protected":false},"excerpt":{"rendered":"<p>Estetik ve sadeli\u011fin kusursuz uyumunu yans\u0131tan bu dekoratif vazo seti, i\u00e7 mek\u00e2nlar\u0131n\u0131za sanatsal bir dokunu\u015f katmak i\u00e7in tasarland\u0131. 16x16x69 cm ve 14x14x44 cm \u00f6l\u00e7\u00fclerindeki bu iki farkl\u0131 boyutta vazo, sofistike formu ve sade renk paletiyle \u00f6ne \u00e7\u0131kar. Zarif kabartma desenleriyle bezeli y\u00fczeyi, do\u011fal seramik g\u00f6r\u00fcn\u00fcm\u00fcyle birle\u015ferek rustik bir \u015f\u0131kl\u0131k sunar. Minimalist ya\u015fam alanlar\u0131nda s\u0131cak bir [&hellip;]<\/p>\n","protected":false},"featured_media":3019,"comment_status":"open","ping_status":"closed","template":"","meta":[],"product_brand":[],"product_cat":[78],"product_tag":[],"class_list":{"0":"post-3018","1":"product","2":"type-product","3":"status-publish","4":"has-post-thumbnail","6":"product_cat-deco-vase","8":"first","9":"instock","10":"taxable","11":"shipping-taxable","12":"product-type-simple","13":"add-to-wishlist-after_add_to_cart"},"_links":{"self":[{"href":"https:\/\/decotrends.tr\/index.php?rest_route=\/wp\/v2\/product\/3018","targetHints":{"allow":["GET"]}}],"collection":[{"href":"https:\/\/decotrends.tr\/index.php?rest_route=\/wp\/v2\/product"}],"about":[{"href":"https:\/\/decotrends.tr\/index.php?rest_route=\/wp\/v2\/types\/product"}],"replies":[{"embeddable":true,"href":"https:\/\/decotrends.tr\/index.php?rest_route=%2Fwp%2Fv2%2Fcomments&post=3018"}],"wp:featuredmedia":[{"embeddable":true,"href":"https:\/\/decotrends.tr\/index.php?rest_route=\/wp\/v2\/media\/3019"}],"wp:attachment":[{"href":"https:\/\/decotrends.tr\/index.php?rest_route=%2Fwp%2Fv2%2Fmedia&parent=3018"}],"wp:term":[{"taxonomy":"product_brand","embeddable":true,"href":"https:\/\/decotrends.tr\/index.php?rest_route=%2Fwp%2Fv2%2Fproduct_brand&post=3018"},{"taxonomy":"product_cat","embeddable":true,"href":"https:\/\/decotrends.tr\/index.php?rest_route=%2Fwp%2Fv2%2Fproduct_cat&post=3018"},{"taxonomy":"product_tag","embeddable":true,"href":"https:\/\/decotrends.tr\/index.php?rest_route=%2Fwp%2Fv2%2Fproduct_tag&post=3018"}],"curies":[{"name":"wp","href":"https:\/\/api.w.org\/{rel}","templated":true}]}}