{"id":3022,"date":"2025-06-15T20:07:29","date_gmt":"2025-06-15T20:07:29","guid":{"rendered":"https:\/\/decotrends.tr\/?post_type=product&#038;p=3022"},"modified":"2025-06-15T20:07:29","modified_gmt":"2025-06-15T20:07:29","slug":"zarafetin-gucunu-yansitan-uclu-dekoratif-saksi-seti","status":"publish","type":"product","link":"https:\/\/decotrends.tr\/?product=zarafetin-gucunu-yansitan-uclu-dekoratif-saksi-seti","title":{"rendered":"Zarafetin G\u00fcc\u00fcn\u00fc Yans\u0131tan \u00dc\u00e7l\u00fc Dekoratif Saks\u0131 Seti"},"content":{"rendered":"<p data-start=\"172\" data-end=\"556\">Modern tasar\u0131m \u00e7izgileri ve etkileyici y\u00fczey dokusuyla dikkat \u00e7eken bu \u00fc\u00e7l\u00fc saks\u0131 seti, 28 in\u00e7, 31 in\u00e7 ve 44 in\u00e7 boyutlar\u0131yla farkl\u0131 kullan\u0131m alanlar\u0131na uyum sa\u011flamak \u00fczere \u00f6zenle \u00fcretilmi\u015ftir. Siyah zemin \u00fczerine alt\u0131n yans\u0131mal\u0131 petek desenleri, \u00fcr\u00fcne sofistike bir karakter kazand\u0131r\u0131rken; y\u00fcksek kalite polyresin malzemesi ile hem i\u00e7 hem d\u0131\u015f mekan kullan\u0131m\u0131 i\u00e7in dayan\u0131kl\u0131l\u0131k sunar.<\/p>\n<p data-start=\"558\" data-end=\"867\">Organik formuyla bulundu\u011fu her alanda heykelsi bir estetik olu\u015fturan bu saks\u0131lar, otel lobilerinden l\u00fcks konut giri\u015flerine, teraslardan geni\u015f salon k\u00f6\u015felerine kadar geni\u015f bir dekoratif alanda kullan\u0131labilir. Her biri kendi ba\u015f\u0131na bir duru\u015f sergilerken, birlikte kullan\u0131ld\u0131\u011f\u0131nda g\u00fc\u00e7l\u00fc bir g\u00f6rsel denge yarat\u0131r.<\/p>\n<p data-start=\"869\" data-end=\"1010\">Zamana meydan okuyan dokusu ve zamans\u0131z tasar\u0131m\u0131 ile bu set, ya\u015fam alanlar\u0131n\u0131za \u015f\u0131kl\u0131k ve zarafet katmak isteyenler i\u00e7in ideal bir tercihtir.<\/p>\n","protected":false},"excerpt":{"rendered":"<p>Modern tasar\u0131m \u00e7izgileri ve etkileyici y\u00fczey dokusuyla dikkat \u00e7eken bu \u00fc\u00e7l\u00fc saks\u0131 seti, 28 in\u00e7, 31 in\u00e7 ve 44 in\u00e7 boyutlar\u0131yla farkl\u0131 kullan\u0131m alanlar\u0131na uyum sa\u011flamak \u00fczere \u00f6zenle \u00fcretilmi\u015ftir. Siyah zemin \u00fczerine alt\u0131n yans\u0131mal\u0131 petek desenleri, \u00fcr\u00fcne sofistike bir karakter kazand\u0131r\u0131rken; y\u00fcksek kalite polyresin malzemesi ile hem i\u00e7 hem d\u0131\u015f mekan kullan\u0131m\u0131 i\u00e7in dayan\u0131kl\u0131l\u0131k sunar. [&hellip;]<\/p>\n","protected":false},"featured_media":3023,"comment_status":"open","ping_status":"closed","template":"","meta":[],"product_brand":[],"product_cat":[78],"product_tag":[],"class_list":{"0":"post-3022","1":"product","2":"type-product","3":"status-publish","4":"has-post-thumbnail","6":"product_cat-deco-vase","8":"first","9":"instock","10":"taxable","11":"shipping-taxable","12":"product-type-simple","13":"add-to-wishlist-after_add_to_cart"},"_links":{"self":[{"href":"https:\/\/decotrends.tr\/index.php?rest_route=\/wp\/v2\/product\/3022","targetHints":{"allow":["GET"]}}],"collection":[{"href":"https:\/\/decotrends.tr\/index.php?rest_route=\/wp\/v2\/product"}],"about":[{"href":"https:\/\/decotrends.tr\/index.php?rest_route=\/wp\/v2\/types\/product"}],"replies":[{"embeddable":true,"href":"https:\/\/decotrends.tr\/index.php?rest_route=%2Fwp%2Fv2%2Fcomments&post=3022"}],"wp:featuredmedia":[{"embeddable":true,"href":"https:\/\/decotrends.tr\/index.php?rest_route=\/wp\/v2\/media\/3023"}],"wp:attachment":[{"href":"https:\/\/decotrends.tr\/index.php?rest_route=%2Fwp%2Fv2%2Fmedia&parent=3022"}],"wp:term":[{"taxonomy":"product_brand","embeddable":true,"href":"https:\/\/decotrends.tr\/index.php?rest_route=%2Fwp%2Fv2%2Fproduct_brand&post=3022"},{"taxonomy":"product_cat","embeddable":true,"href":"https:\/\/decotrends.tr\/index.php?rest_route=%2Fwp%2Fv2%2Fproduct_cat&post=3022"},{"taxonomy":"product_tag","embeddable":true,"href":"https:\/\/decotrends.tr\/index.php?rest_route=%2Fwp%2Fv2%2Fproduct_tag&post=3022"}],"curies":[{"name":"wp","href":"https:\/\/api.w.org\/{rel}","templated":true}]}}