{"id":3067,"date":"2025-06-15T20:55:25","date_gmt":"2025-06-15T20:55:25","guid":{"rendered":"https:\/\/decotrends.tr\/?post_type=product&#038;p=3067"},"modified":"2025-06-15T20:55:25","modified_gmt":"2025-06-15T20:55:25","slug":"cok-yuzlu-sanatsal-yuz-saksi-20-27","status":"publish","type":"product","link":"https:\/\/decotrends.tr\/?product=cok-yuzlu-sanatsal-yuz-saksi-20-27","title":{"rendered":"\u00c7ok Y\u00fczl\u00fc Sanatsal Y\u00fcz Saks\u0131 \u2013 20\u201d &#038; 27\u201d"},"content":{"rendered":"<p data-start=\"189\" data-end=\"475\">Sanat\u0131 fonksiyonellikle bulu\u015fturan etkileyici bir tasar\u0131m: \u00e7ok y\u00fczl\u00fc formuyla bu saks\u0131 seti, mek\u00e2n\u0131n\u0131za heykelsi bir ifade katmak \u00fczere tasarland\u0131. 20\u201d ve 27\u201d boyutlar\u0131ndaki iki farkl\u0131 ebat, farkl\u0131 alanlara uyum sa\u011flar ve birlikte kullan\u0131ld\u0131\u011f\u0131nda g\u00fc\u00e7l\u00fc bir g\u00f6rsel kompozisyon olu\u015fturur.<\/p>\n<p data-start=\"477\" data-end=\"675\">Her bir y\u00fczde farkl\u0131 bir y\u00fcz ifadesi bar\u0131nd\u0131ran bu \u00f6zel tasar\u0131m, sadece bir saks\u0131 de\u011fil; ayn\u0131 zamanda bir sanat eseridir. Minimal beyaz tonuyla modern ve \u00e7a\u011fda\u015f dekorasyonlarla m\u00fckemmel uyum sa\u011flar.<\/p>\n<p data-start=\"677\" data-end=\"698\"><strong data-start=\"677\" data-end=\"698\">\u00dcr\u00fcn \u00d6zellikleri:<\/strong><\/p>\n<ul data-start=\"699\" data-end=\"873\">\n<li data-start=\"699\" data-end=\"728\">\n<p data-start=\"701\" data-end=\"728\">\u00d6l\u00e7\u00fcler: 20 inch ve 27 inch<\/p>\n<\/li>\n<li data-start=\"729\" data-end=\"798\">\n<p data-start=\"731\" data-end=\"798\">Materyal: D\u0131\u015f mek\u00e2na da uygun dayan\u0131kl\u0131 kompozit ta\u015f dokulu malzeme<\/p>\n<\/li>\n<li data-start=\"799\" data-end=\"836\">\n<p data-start=\"801\" data-end=\"836\">Renk: Mat beyaz (do\u011fal ta\u015f efektli)<\/p>\n<\/li>\n<li data-start=\"837\" data-end=\"873\">\n<p data-start=\"839\" data-end=\"873\">Stil: Sanatsal \u2013 Modern \u2013 Avangart<\/p>\n<\/li>\n<\/ul>\n","protected":false},"excerpt":{"rendered":"<p>Sanat\u0131 fonksiyonellikle bulu\u015fturan etkileyici bir tasar\u0131m: \u00e7ok y\u00fczl\u00fc formuyla bu saks\u0131 seti, mek\u00e2n\u0131n\u0131za heykelsi bir ifade katmak \u00fczere tasarland\u0131. 20\u201d ve 27\u201d boyutlar\u0131ndaki iki farkl\u0131 ebat, farkl\u0131 alanlara uyum sa\u011flar ve birlikte kullan\u0131ld\u0131\u011f\u0131nda g\u00fc\u00e7l\u00fc bir g\u00f6rsel kompozisyon olu\u015fturur. Her bir y\u00fczde farkl\u0131 bir y\u00fcz ifadesi bar\u0131nd\u0131ran bu \u00f6zel tasar\u0131m, sadece bir saks\u0131 de\u011fil; ayn\u0131 zamanda [&hellip;]<\/p>\n","protected":false},"featured_media":3068,"comment_status":"open","ping_status":"closed","template":"","meta":[],"product_brand":[],"product_cat":[78],"product_tag":[],"class_list":{"0":"post-3067","1":"product","2":"type-product","3":"status-publish","4":"has-post-thumbnail","6":"product_cat-deco-vase","8":"first","9":"instock","10":"taxable","11":"shipping-taxable","12":"product-type-simple","13":"add-to-wishlist-after_add_to_cart"},"_links":{"self":[{"href":"https:\/\/decotrends.tr\/index.php?rest_route=\/wp\/v2\/product\/3067","targetHints":{"allow":["GET"]}}],"collection":[{"href":"https:\/\/decotrends.tr\/index.php?rest_route=\/wp\/v2\/product"}],"about":[{"href":"https:\/\/decotrends.tr\/index.php?rest_route=\/wp\/v2\/types\/product"}],"replies":[{"embeddable":true,"href":"https:\/\/decotrends.tr\/index.php?rest_route=%2Fwp%2Fv2%2Fcomments&post=3067"}],"wp:featuredmedia":[{"embeddable":true,"href":"https:\/\/decotrends.tr\/index.php?rest_route=\/wp\/v2\/media\/3068"}],"wp:attachment":[{"href":"https:\/\/decotrends.tr\/index.php?rest_route=%2Fwp%2Fv2%2Fmedia&parent=3067"}],"wp:term":[{"taxonomy":"product_brand","embeddable":true,"href":"https:\/\/decotrends.tr\/index.php?rest_route=%2Fwp%2Fv2%2Fproduct_brand&post=3067"},{"taxonomy":"product_cat","embeddable":true,"href":"https:\/\/decotrends.tr\/index.php?rest_route=%2Fwp%2Fv2%2Fproduct_cat&post=3067"},{"taxonomy":"product_tag","embeddable":true,"href":"https:\/\/decotrends.tr\/index.php?rest_route=%2Fwp%2Fv2%2Fproduct_tag&post=3067"}],"curies":[{"name":"wp","href":"https:\/\/api.w.org\/{rel}","templated":true}]}}