{"id":3092,"date":"2025-06-16T08:43:15","date_gmt":"2025-06-16T08:43:15","guid":{"rendered":"https:\/\/decotrends.tr\/?post_type=product&#038;p=3092"},"modified":"2025-06-16T08:43:15","modified_gmt":"2025-06-16T08:43:15","slug":"poliresin-dekoratif-kurbaga-figuru-24-x-19-x-20-cm","status":"publish","type":"product","link":"https:\/\/decotrends.tr\/?product=poliresin-dekoratif-kurbaga-figuru-24-x-19-x-20-cm","title":{"rendered":"Poliresin Dekoratif Kurba\u011fa Fig\u00fcr\u00fc \u2013 24 x 19 x 20 cm"},"content":{"rendered":"<p data-start=\"206\" data-end=\"395\">Cazibesi y\u00fcksek, stili kendinden emin! G\u00fcne\u015f g\u00f6zl\u00fc\u011f\u00fc, alt\u0131n zinciri ve puro detay\u0131yla bu dekoratif kurba\u011fa fig\u00fcr\u00fc; mizahi tarz\u0131, \u00f6zg\u00fcn karakteri ve enerjisiyle dekorasyonunuza ne\u015fe kat\u0131yor.<\/p>\n<p data-start=\"397\" data-end=\"708\">24 cm uzunluk, 19 cm geni\u015flik ve 20 cm y\u00fckseklik \u00f6l\u00e7\u00fclerine sahip olan bu fig\u00fcr, dayan\u0131kl\u0131 <em data-start=\"488\" data-end=\"499\">poliresin<\/em> malzemeden \u00fcretilmi\u015ftir. El i\u015f\u00e7ili\u011fini and\u0131ran detaylar ve antik bronz tonlar\u0131ndaki y\u00fczeyiyle dikkat \u00e7eken fig\u00fcr, k\u0131rm\u0131z\u0131 deri g\u00f6r\u00fcn\u00fcml\u00fc puf \u00fczerinde keyifle otururken bulundu\u011fu her ortamda ilgi oda\u011f\u0131 oluyor.<\/p>\n<p data-start=\"710\" data-end=\"735\"><strong data-start=\"710\" data-end=\"735\">\u00d6ne \u00c7\u0131kan \u00d6zellikler:<\/strong><\/p>\n<ul data-start=\"737\" data-end=\"1033\">\n<li data-start=\"737\" data-end=\"796\">\n<p data-start=\"739\" data-end=\"796\">\u2714\ufe0f Mizahi ve karakterli tasar\u0131m\u0131yla s\u0131ra d\u0131\u015f\u0131 bir par\u00e7a<\/p>\n<\/li>\n<li data-start=\"797\" data-end=\"833\">\n<p data-start=\"799\" data-end=\"833\">\u2714\ufe0f 24 x 19 x 20 cm kompakt boyut<\/p>\n<\/li>\n<li data-start=\"834\" data-end=\"889\">\n<p data-start=\"836\" data-end=\"889\">\u2714\ufe0f Poliresin malzeme sayesinde uzun \u00f6m\u00fcrl\u00fc kullan\u0131m<\/p>\n<\/li>\n<li data-start=\"890\" data-end=\"965\">\n<p data-start=\"892\" data-end=\"965\">\u2714\ufe0f Ofis, \u00e7al\u0131\u015fma odas\u0131, bar k\u00f6\u015fesi veya hediye alternatifi olarak ideal<\/p>\n<\/li>\n<li data-start=\"966\" data-end=\"1033\">\n<p data-start=\"968\" data-end=\"1033\">\u2714\ufe0f E\u011flenceli dekorasyon anlay\u0131\u015f\u0131n\u0131 yans\u0131tan benzersiz bir fig\u00fcr<\/p>\n<\/li>\n<\/ul>\n<p data-start=\"1035\" data-end=\"1198\">Bu rahat ve \u00f6zg\u00fcvenli kurba\u011fa fig\u00fcr\u00fcyle ya\u015fam alanlar\u0131n\u0131za mizah kat\u0131n; her bakan\u0131n y\u00fcz\u00fcnde bir tebess\u00fcm b\u0131rakacak e\u015fsiz bir dekoratif obje ile tarz\u0131n\u0131z\u0131 yans\u0131t\u0131n.<\/p>\n","protected":false},"excerpt":{"rendered":"<p>Cazibesi y\u00fcksek, stili kendinden emin! G\u00fcne\u015f g\u00f6zl\u00fc\u011f\u00fc, alt\u0131n zinciri ve puro detay\u0131yla bu dekoratif kurba\u011fa fig\u00fcr\u00fc; mizahi tarz\u0131, \u00f6zg\u00fcn karakteri ve enerjisiyle dekorasyonunuza ne\u015fe kat\u0131yor. 24 cm uzunluk, 19 cm geni\u015flik ve 20 cm y\u00fckseklik \u00f6l\u00e7\u00fclerine sahip olan bu fig\u00fcr, dayan\u0131kl\u0131 poliresin malzemeden \u00fcretilmi\u015ftir. El i\u015f\u00e7ili\u011fini and\u0131ran detaylar ve antik bronz tonlar\u0131ndaki y\u00fczeyiyle dikkat \u00e7eken [&hellip;]<\/p>\n","protected":false},"featured_media":3094,"comment_status":"open","ping_status":"closed","template":"","meta":[],"product_brand":[],"product_cat":[83],"product_tag":[],"class_list":{"0":"post-3092","1":"product","2":"type-product","3":"status-publish","4":"has-post-thumbnail","6":"product_cat-masa-ustu-aksesuarlar","8":"first","9":"instock","10":"taxable","11":"shipping-taxable","12":"product-type-simple","13":"add-to-wishlist-after_add_to_cart"},"_links":{"self":[{"href":"https:\/\/decotrends.tr\/index.php?rest_route=\/wp\/v2\/product\/3092","targetHints":{"allow":["GET"]}}],"collection":[{"href":"https:\/\/decotrends.tr\/index.php?rest_route=\/wp\/v2\/product"}],"about":[{"href":"https:\/\/decotrends.tr\/index.php?rest_route=\/wp\/v2\/types\/product"}],"replies":[{"embeddable":true,"href":"https:\/\/decotrends.tr\/index.php?rest_route=%2Fwp%2Fv2%2Fcomments&post=3092"}],"wp:featuredmedia":[{"embeddable":true,"href":"https:\/\/decotrends.tr\/index.php?rest_route=\/wp\/v2\/media\/3094"}],"wp:attachment":[{"href":"https:\/\/decotrends.tr\/index.php?rest_route=%2Fwp%2Fv2%2Fmedia&parent=3092"}],"wp:term":[{"taxonomy":"product_brand","embeddable":true,"href":"https:\/\/decotrends.tr\/index.php?rest_route=%2Fwp%2Fv2%2Fproduct_brand&post=3092"},{"taxonomy":"product_cat","embeddable":true,"href":"https:\/\/decotrends.tr\/index.php?rest_route=%2Fwp%2Fv2%2Fproduct_cat&post=3092"},{"taxonomy":"product_tag","embeddable":true,"href":"https:\/\/decotrends.tr\/index.php?rest_route=%2Fwp%2Fv2%2Fproduct_tag&post=3092"}],"curies":[{"name":"wp","href":"https:\/\/api.w.org\/{rel}","templated":true}]}}